{"id":2662,"date":"2019-11-11T16:37:08","date_gmt":"2019-11-11T16:37:08","guid":{"rendered":"https:\/\/schaffersugar.com\/home\/"},"modified":"2024-12-06T20:16:21","modified_gmt":"2024-12-06T20:16:21","slug":"home","status":"publish","type":"page","link":"https:\/\/schaffersugar.com\/es\/","title":{"rendered":"Inicio"},"content":{"rendered":"<div class=\"wpb-content-wrapper\"><p>[vc_row full_width=\u00bbstretch_row_content_no_spaces\u00bb][vc_column]\n\t\t\t<!-- START Mainsite ESP REVOLUTION SLIDER 6.1.1 --><p class=\"rs-p-wp-fix\"><\/p>\n\t\t\t<rs-module-wrap id=\"rev_slider_5_1_wrapper\" data-source=\"gallery\" style=\"background:transparent;padding:0;margin:0px auto;margin-top:0;margin-bottom:0;\">\n\t\t\t\t<rs-module id=\"rev_slider_5_1\" style=\"display:none;\" data-version=\"6.1.1\">\n\t\t\t\t\t<rs-slides>\n\t\t\t\t\t\t<rs-slide data-key=\"rs-14\" data-title=\"Slide\" data-thumb=\"\/\/schaffersugar.com\/wp-content\/uploads\/2020\/08\/1_Sugar_Mill_2-100x50.jpg\" data-anim=\"ei:d;eo:d;s:600;r:0;t:fade;sl:d;\">\n\t\t\t\t\t\t\t<img loading=\"lazy\" decoding=\"async\" src=\"\/\/schaffersugar.com\/wp-content\/uploads\/2020\/08\/1_Sugar_Mill_2.jpg\" title=\"1_Sugar_Mill_2\" width=\"5472\" height=\"3648\" class=\"rev-slidebg\" data-no-retina>\n<!--\n\t\t\t\t\t\t\t--><rs-layer\n\t\t\t\t\t\t\t\tid=\"slider-5-slide-14-layer-1\" \n\t\t\t\t\t\t\t\tdata-type=\"text\"\n\t\t\t\t\t\t\t\tdata-color=\"#008932\"\n\t\t\t\t\t\t\t\tdata-rsp_ch=\"on\"\n\t\t\t\t\t\t\t\tdata-xy=\"x:384px;y:c;yo:193px;\"\n\t\t\t\t\t\t\t\tdata-text=\"s:26;l:30;fw:200;a:inherit;\"\n\t\t\t\t\t\t\t\tdata-padding=\"t:20;r:20;b:20;l:20;\"\n\t\t\t\t\t\t\t\tdata-frame_0=\"o:1;tp:600;\"\n\t\t\t\t\t\t\t\tdata-frame_0_sfx=\"se:blocktoright;\"\n\t\t\t\t\t\t\t\tdata-frame_1=\"tp:600;e:Power4.easeInOut;sp:2000;\"\n\t\t\t\t\t\t\t\tdata-frame_1_sfx=\"se:blocktoright;\"\n\t\t\t\t\t\t\t\tdata-frame_999=\"o:0;tp:600;st:w;sR:7000;\"\n\t\t\t\t\t\t\t\tstyle=\"z-index:5;background-color:rgba(255,255,255,0.9);font-family:Poppins;\"\n\t\t\t\t\t\t\t><div class=\"slider-caption-1\">\n<div class=\"slider-title\">\n<strong>Schaffer Sugar Services<\/strong>, junto con su empresa <br \/> matriz <strong>Crompion International<\/strong> \nha ofrecido <br \/> servicios de consultor\u00eda y soluciones llave <br \/> en mano a la industria azucarera desde el a\u00f1o 2000.<\/div>\n<\/div> \n\t\t\t\t\t\t\t<\/rs-layer><!--\n-->\t\t\t\t\t\t<\/rs-slide>\n\t\t\t\t\t\t<rs-slide data-key=\"rs-15\" data-title=\"Slide\" data-thumb=\"\/\/schaffersugar.com\/wp-content\/uploads\/2019\/09\/5d815193e2c5c-100x50.jpg\" data-anim=\"ei:d;eo:d;s:600;r:0;t:fade;sl:d;\">\n\t\t\t\t\t\t\t<img loading=\"lazy\" decoding=\"async\" src=\"\/\/schaffersugar.com\/wp-content\/uploads\/2019\/09\/5d815193e2c5c.jpg\" title=\"5d815193e2c5c\" width=\"1000\" height=\"559\" class=\"rev-slidebg\" data-no-retina>\n<!--\n\t\t\t\t\t\t\t--><rs-layer\n\t\t\t\t\t\t\t\tid=\"slider-5-slide-15-layer-1\" \n\t\t\t\t\t\t\t\tdata-type=\"text\"\n\t\t\t\t\t\t\t\tdata-color=\"#278200\"\n\t\t\t\t\t\t\t\tdata-rsp_ch=\"on\"\n\t\t\t\t\t\t\t\tdata-xy=\"x:r;xo:22px;y:b;yo:55px;\"\n\t\t\t\t\t\t\t\tdata-text=\"s:31;l:35;fw:200;a:inherit;\"\n\t\t\t\t\t\t\t\tdata-dim=\"w:624px;\"\n\t\t\t\t\t\t\t\tdata-padding=\"t:35;r:35;b:35;l:35;\"\n\t\t\t\t\t\t\t\tdata-frame_0=\"o:1;tp:600;\"\n\t\t\t\t\t\t\t\tdata-frame_0_sfx=\"se:blocktoright;\"\n\t\t\t\t\t\t\t\tdata-frame_1=\"tp:600;e:Power4.easeInOut;sp:2000;\"\n\t\t\t\t\t\t\t\tdata-frame_1_sfx=\"se:blocktoright;\"\n\t\t\t\t\t\t\t\tdata-frame_999=\"o:0;tp:600;st:w;sR:7000;\"\n\t\t\t\t\t\t\t\tstyle=\"z-index:5;background-color:rgba(255,255,255,0.9);font-family:Poppins;\"\n\t\t\t\t\t\t\t><div class=\"slider-caption-1\">\n<div class=\"slider-title\">\nEspecializados en dise\u00f1o,<br>  ingenier\u00eda y gesti\u00f3n de proyectos, <br> <strong> Schaffer Sugar Services<\/strong>  <br>\nest\u00e1 liderado por un equipo<br>  altamente capacitado <br> con d\u00e9cadas de experiencia t\u00e9cnica.\n<\/div>\n<\/div> \n\t\t\t\t\t\t\t<\/rs-layer><!--\n-->\t\t\t\t\t\t<\/rs-slide>\n\t\t\t\t\t<\/rs-slides>\n\t\t\t\t\t<rs-progress class=\"rs-bottom\" style=\"visibility: hidden !important;\"><\/rs-progress>\n\t\t\t\t<\/rs-module>\n\t\t\t\t<script type=\"text\/javascript\">\n\t\t\t\t\tsetREVStartSize({c: 'rev_slider_5_1',rl:[1240,1024,778,480],el:[700],gw:[1170],gh:[700],layout:'fullwidth',mh:\"0\"});\n\t\t\t\t\tvar\trevapi5,\n\t\t\t\t\t\ttpj;\n\t\t\t\t\tjQuery(function() {\n\t\t\t\t\t\ttpj = jQuery;\n\t\t\t\t\t\tif(tpj(\"#rev_slider_5_1\").revolution == undefined){\n\t\t\t\t\t\t\trevslider_showDoubleJqueryError(\"#rev_slider_5_1\");\n\t\t\t\t\t\t}else{\n\t\t\t\t\t\t\trevapi5 = tpj(\"#rev_slider_5_1\").show().revolution({\n\t\t\t\t\t\t\t\tjsFileLocation:\"\/\/schaffersugar.com\/wp-content\/plugins\/revslider\/public\/assets\/js\/\",\n\t\t\t\t\t\t\t\tsliderLayout:\"fullwidth\",\n\t\t\t\t\t\t\t\tvisibilityLevels:\"1240,1024,778,480\",\n\t\t\t\t\t\t\t\tgridwidth:1170,\n\t\t\t\t\t\t\t\tgridheight:700,\n\t\t\t\t\t\t\t\tminHeight:\"\",\n\t\t\t\t\t\t\t\tspinner:\"spinner0\",\n\t\t\t\t\t\t\t\teditorheight:\"700,768,960,720\",\n\t\t\t\t\t\t\t\tresponsiveLevels:\"1240,1024,778,480\",\n\t\t\t\t\t\t\t\tdisableProgressBar:\"on\",\n\t\t\t\t\t\t\t\tnavigation: {\n\t\t\t\t\t\t\t\t\tmouseScrollNavigation:false,\n\t\t\t\t\t\t\t\t\tonHoverStop:false,\n\t\t\t\t\t\t\t\t\tbullets: {\n\t\t\t\t\t\t\t\t\t\tenable:true,\n\t\t\t\t\t\t\t\t\t\ttmp:\"\",\n\t\t\t\t\t\t\t\t\t\tstyle:\"hesperiden\",\n\t\t\t\t\t\t\t\t\t\thide_onleave:true\n\t\t\t\t\t\t\t\t\t}\n\t\t\t\t\t\t\t\t},\n\t\t\t\t\t\t\t\tfallbacks: {\n\t\t\t\t\t\t\t\t\tallowHTML5AutoPlayOnAndroid:true\n\t\t\t\t\t\t\t\t},\n\t\t\t\t\t\t\t});\n\t\t\t\t\t\t}\n\t\t\t\t\t\t\n\t\t\t\t\t});\n\t\t\t\t<\/script>\n\t\t\t\t<script>\n\t\t\t\t\tvar htmlDivCss = unescape(\"%23rev_slider_5_1_wrapper%20.hesperiden.tp-bullets%20%7B%0A%7D%0A%23rev_slider_5_1_wrapper%20.hesperiden.tp-bullets%3Abefore%20%7B%0A%09content%3A%27%20%27%3B%0A%09position%3Aabsolute%3B%0A%09width%3A100%25%3B%0A%09height%3A100%25%3B%0A%09background%3Atransparent%3B%0A%09padding%3A10px%3B%0A%09margin-left%3A-10px%3Bmargin-top%3A-10px%3B%0A%09box-sizing%3Acontent-box%3B%0A%20%20%20border-radius%3A8px%3B%0A%20%20%0A%7D%0A%23rev_slider_5_1_wrapper%20.hesperiden%20.tp-bullet%20%7B%0A%09width%3A5px%3B%0A%09height%3A5px%3B%0A%09position%3Aabsolute%3B%0A%09background%3A%20%23c6d3e3%3B%20%2F%2A%20old%20browsers%20%2A%2F%0A%20%20%20%20background%3A%20-moz-linear-gradient%28top%2C%20%20%23c6d3e3%200%25%2C%20%23c6d3e3%20100%25%29%3B%20%2F%2A%20ff3.6%2B%20%2A%2F%0A%20%20%20%20background%3A%20-webkit-linear-gradient%28top%2C%20%20%23c6d3e3%200%25%2C%23c6d3e3%20100%25%29%3B%20%2F%2A%20chrome10%2B%2Csafari5.1%2B%20%2A%2F%0A%20%20%20%20background%3A%20-o-linear-gradient%28top%2C%20%20%23c6d3e3%200%25%2C%23c6d3e3%20100%25%29%3B%20%2F%2A%20opera%2011.10%2B%20%2A%2F%0A%20%20%20%20background%3A%20-ms-linear-gradient%28top%2C%20%20%23c6d3e3%200%25%2C%23c6d3e3%20100%25%29%3B%20%2F%2A%20ie10%2B%20%2A%2F%0A%20%20%20%20background%3A%20linear-gradient%28to%20bottom%2C%20%20%23c6d3e3%200%25%2C%23c6d3e3%20100%25%29%3B%20%2F%2A%20w3c%20%2A%2F%0A%20%20%20%20filter%3A%20progid%3Adximagetransform.microsoft.gradient%28%20%0A%20%20%20%20startcolorstr%3D%27%23c6d3e3%27%2C%20endcolorstr%3D%27%23c6d3e3%27%2Cgradienttype%3D0%20%29%3B%20%2F%2A%20ie6-9%20%2A%2F%0A%09border%3A7px%20solid%20%23ffffff%3B%0A%09border-radius%3A50%25%3B%0A%09cursor%3A%20pointer%3B%0A%09box-sizing%3Acontent-box%3B%0A%7D%0A%23rev_slider_5_1_wrapper%20.hesperiden%20.tp-bullet%3Ahover%2C%0A%23rev_slider_5_1_wrapper%20.hesperiden%20.tp-bullet.selected%20%7B%0A%09background%3A%23273272%3B%0A%7D%0A%23rev_slider_5_1_wrapper%20.hesperiden%20.tp-bullet-image%20%7B%0A%7D%0A%23rev_slider_5_1_wrapper%20.hesperiden%20.tp-bullet-title%20%7B%0A%7D%0A%0A\");\n\t\t\t\t\tvar htmlDiv = document.getElementById('rs-plugin-settings-inline-css');\n\t\t\t\t\tif(htmlDiv) {\n\t\t\t\t\t\thtmlDiv.innerHTML = htmlDiv.innerHTML + htmlDivCss;\n\t\t\t\t\t}else{\n\t\t\t\t\t\tvar htmlDiv = document.createElement('div');\n\t\t\t\t\t\thtmlDiv.innerHTML = '<style>' + htmlDivCss + '<\/style>';\n\t\t\t\t\t\tdocument.getElementsByTagName('head')[0].appendChild(htmlDiv.childNodes[0]);\n\t\t\t\t\t}\n\t\t\t\t<\/script>\n\t\t\t\t<script>\n\t\t\t\t\tvar htmlDivCss = unescape(\"%0A%0A\");\n\t\t\t\t\tvar htmlDiv = document.getElementById('rs-plugin-settings-inline-css');\n\t\t\t\t\tif(htmlDiv) {\n\t\t\t\t\t\thtmlDiv.innerHTML = htmlDiv.innerHTML + htmlDivCss;\n\t\t\t\t\t}else{\n\t\t\t\t\t\tvar htmlDiv = document.createElement('div');\n\t\t\t\t\t\thtmlDiv.innerHTML = '<style>' + htmlDivCss + '<\/style>';\n\t\t\t\t\t\tdocument.getElementsByTagName('head')[0].appendChild(htmlDiv.childNodes[0]);\n\t\t\t\t\t}\n\t\t\t\t<\/script>\n\t\t\t<\/rs-module-wrap>\n\t\t\t<!-- END REVOLUTION SLIDER -->\n[\/vc_column][\/vc_row][vc_row full_width=\u00bbstretch_row\u00bb css=\u00bb.vc_custom_1571954163247{padding-top: 60px !important;padding-bottom: 30px !important;background: #3b6600 url(https:\/\/pixozzy.com\/schaffersugar\/wp-content\/uploads\/2019\/09\/bkTop2.png?id=1731) !important;background-position: center !important;background-repeat: no-repeat !important;background-size: cover !important;}\u00bb][vc_column width=\u00bb1\/3&#8243;]\n<!-- BEGIN .imagebox -->\n<div class=\"imagebox equal-height-content  vc_custom_1598914110830\">\n\t\n\t\t<div class=\"box-header\">\n\t\t\t<h3 class=\"box-title\">\n\t\t\t\t<a href=\"https:\/\/schaffersugar.com\/es\/diseno-e-ingenieria\/\" target=\"_self\">\n\t\t\t\t\tIngenier\u00eda B\u00e1sica y de Detalle\t\t\t\t<\/a>\n\t\t\t<\/h3>\n\n\t\t\t\t\t<\/div>\n\n\t\t<div class=\"box-content\"><p>Ofrecemos servicios de ingenier\u00eda b\u00e1sica y de detalle para la modificaci\u00f3n, expansi\u00f3n y evaluaci\u00f3n de instalaciones nuevas y existentes de az\u00facar, etanol y cogeneraci\u00f3n.<\/p>\n<\/div>\n\n\t\t<div class=\"box-image\">\n\t\t\t<a href=\"https:\/\/schaffersugar.com\/es\/diseno-e-ingenieria\/\" target=\"_self\">\n\t\t\t\t\t\t\t\t\t<div class=\"box-button button\">\t\n\t\t\t\t\t\t<span>Leer m\u00e1s<\/span><i class=\"ion-log-in\"><\/i>\n\t\t\t\t\t<\/div>\n\t\t\t\t\n\t\t\t\t<img decoding=\"async\" class=\"\" src=\"https:\/\/schaffersugar.com\/wp-content\/uploads\/2019\/09\/Waste-Heat-Recovery-Market-800x350.jpg\" width=\"800\" height=\"350\" alt=\"Waste-Heat-Recovery-Market\" title=\"Waste-Heat-Recovery-Market\" loading=\"lazy\" \/>\t\t\t<\/a>\n\t\t<\/div>\n\t<\/div>\n<!-- End .imagebox -->\n[vc_empty_space height=\u00bb30px\u00bb][\/vc_column][vc_column width=\u00bb1\/3&#8243;]\n<!-- BEGIN .imagebox -->\n<div class=\"imagebox equal-height-content  vc_custom_1573587877883\">\n\t\n\t\t<div class=\"box-header\">\n\t\t\t<h3 class=\"box-title\">\n\t\t\t\t<a href=\"https:\/\/schaffersugar.com\/es\/balance-de-me-y-reportes-de-eficiencia\/\" target=\"_self\">\n\t\t\t\t\tBalances de M&amp;E y Reportes de Eficiencia\t\t\t\t<\/a>\n\t\t\t<\/h3>\n\n\t\t\t\t\t<\/div>\n\n\t\t<div class=\"box-content\"><p>Podemos calcular todo el balance de M&amp;E de su f\u00e1brica para m\u00faltiples escenarios operativos. Tambi\u00e9n podemos realizar una verificaci\u00f3n cruzada de su Informe de F\u00e1brica para proporcionar una perspectiva significativa de su eficiencia operativa, validar que tenga los datos m\u00e1s precisos y mejorar sus resultados.<\/p>\n<\/div>\n\n\t\t<div class=\"box-image\">\n\t\t\t<a href=\"https:\/\/schaffersugar.com\/es\/balance-de-me-y-reportes-de-eficiencia\/\" target=\"_self\">\n\t\t\t\t\t\t\t\t\t<div class=\"box-button button\">\t\n\t\t\t\t\t\t<span>Leer m\u00e1s<\/span><i class=\"ion-log-in\"><\/i>\n\t\t\t\t\t<\/div>\n\t\t\t\t\n\t\t\t\t<img decoding=\"async\" class=\"\" src=\"https:\/\/schaffersugar.com\/wp-content\/uploads\/2019\/10\/balance.jpg\" width=\"800\" height=\"350\" alt=\"balance\" title=\"balance\" loading=\"lazy\" \/>\t\t\t<\/a>\n\t\t<\/div>\n\t<\/div>\n<!-- End .imagebox -->\n[vc_empty_space height=\u00bb30px\u00bb][\/vc_column][vc_column width=\u00bb1\/3&#8243;]\n<!-- BEGIN .imagebox -->\n<div class=\"imagebox equal-height-content  vc_custom_1573587946509\">\n\t\n\t\t<div class=\"box-header\">\n\t\t\t<h3 class=\"box-title\">\n\t\t\t\t<a href=\"https:\/\/schaffersugar.com\/es\/gestion-de-proyectos\/\" target=\"_self\">\n\t\t\t\t\tGerencia de proyectos\t\t\t\t<\/a>\n\t\t\t<\/h3>\n\n\t\t\t\t\t<\/div>\n\n\t\t<div class=\"box-content\"><p>Podemos gerenciar sus proyectos de ingenier\u00eda azucarera. Contamos con un equipo multidisciplinario, que incluye ingenieros qu\u00edmicos, mec\u00e1nicos y civiles, que estar\u00e1n all\u00ed para garantizar resultados de alta calidad y puntuales. Utilizamos un software de gesti\u00f3n de primer nivel, completamente en l\u00ednea, para mantener informado a todo su equipo sobre el avance del proyecto.<\/p>\n<\/div>\n\n\t\t<div class=\"box-image\">\n\t\t\t<a href=\"https:\/\/schaffersugar.com\/es\/gestion-de-proyectos\/\" target=\"_self\">\n\t\t\t\t\t\t\t\t\t<div class=\"box-button button\">\t\n\t\t\t\t\t\t<span>Leer m\u00e1s<\/span><i class=\"ion-log-in\"><\/i>\n\t\t\t\t\t<\/div>\n\t\t\t\t\n\t\t\t\t<img decoding=\"async\" class=\"\" src=\"https:\/\/schaffersugar.com\/wp-content\/uploads\/2019\/10\/project.jpg\" width=\"800\" height=\"350\" alt=\"project\" title=\"project\" loading=\"lazy\" \/>\t\t\t<\/a>\n\t\t<\/div>\n\t<\/div>\n<!-- End .imagebox -->\n[vc_empty_space height=\u00bb30px\u00bb][\/vc_column][\/vc_row][vc_row full_width=\u00bbstretch_row\u00bb css=\u00bb.vc_custom_1569720787765{padding-top: 60px !important;padding-bottom: 60px !important;}\u00bb][vc_column][vc_custom_heading text=\u00bbNUESTROS CLIENTES\u00bb use_theme_fonts=\u00bbyes\u00bb][vc_column_text]\n\t\t<style>\n\t\t\t#wpls-logo-showcase-slider-1 .wpls-fix-box,\n\t\t\t#wpls-logo-showcase-slider-1 .wpls-fix-box img.wp-post-image{max-height:250px; }\n\t\t<\/style>\n\n\t\t<div class=\"wpls-wrap wpls-logo-showcase-slider-wrp wpls-logo-clearfix wpls-design-1 \" data-conf=\"{&quot;slides_column&quot;:4,&quot;slides_scroll&quot;:1,&quot;dots&quot;:&quot;true&quot;,&quot;arrows&quot;:&quot;true&quot;,&quot;autoplay&quot;:&quot;true&quot;,&quot;autoplay_interval&quot;:3000,&quot;loop&quot;:&quot;true&quot;,&quot;rtl&quot;:&quot;false&quot;,&quot;speed&quot;:800,&quot;center_mode&quot;:&quot;false&quot;,&quot;lazyload&quot;:&quot;&quot;}\">\n\t\t\t<div class=\"wpls-logo-showcase logo_showcase wpls-logo-slider  sliderimage_hide_border \" id=\"wpls-logo-showcase-slider-1\" >\n\t\t\t\t<div class=\"wpls-logo-cnt\">\n\t<div class=\"wpls-fix-box\">\n\t\t\t\t<a href=\"http:\/\/nawaroenergy.hu\/\" target=\"_self\">\n\t\t\t<img decoding=\"async\" class=\"wp-post-image\"  src=\"https:\/\/schaffersugar.com\/wp-content\/uploads\/2020\/01\/2020_Nawaro.jpg\" alt=\"\" \/>\n\t\t<\/a>\n\t\t\t<\/div>\n\t<\/div><div class=\"wpls-logo-cnt\">\n\t<div class=\"wpls-fix-box\">\n\t\t\t\t<img decoding=\"async\" class=\"wp-post-image\"  src=\"https:\/\/schaffersugar.com\/wp-content\/uploads\/2020\/01\/2020_Keo_Logo.jpg\" alt=\"\" \/>\n\t\t\t<\/div>\n\t<\/div><div class=\"wpls-logo-cnt\">\n\t<div class=\"wpls-fix-box\">\n\t\t\t\t<a href=\"https:\/\/www.industriaslicorerasguatemala.com\/empresas\" target=\"_self\">\n\t\t\t<img decoding=\"async\" class=\"wp-post-image\"  src=\"https:\/\/schaffersugar.com\/wp-content\/uploads\/2020\/01\/ingenio.jpg\" alt=\"\" \/>\n\t\t<\/a>\n\t\t\t<\/div>\n\t<\/div><div class=\"wpls-logo-cnt\">\n\t<div class=\"wpls-fix-box\">\n\t\t\t\t<a href=\"https:\/\/azunosa.com\/\" target=\"_self\">\n\t\t\t<img decoding=\"async\" class=\"wp-post-image\"  src=\"https:\/\/schaffersugar.com\/wp-content\/uploads\/2020\/05\/logo-azunosa.png\" alt=\"\" \/>\n\t\t<\/a>\n\t\t\t<\/div>\n\t<\/div><div class=\"wpls-logo-cnt\">\n\t<div class=\"wpls-fix-box\">\n\t\t\t\t<a href=\"http:\/\/www.ilcabana.com\/\" target=\"_self\">\n\t\t\t<img decoding=\"async\" class=\"wp-post-image\"  src=\"https:\/\/schaffersugar.com\/wp-content\/uploads\/2020\/05\/logo_cabana.png\" alt=\"\" \/>\n\t\t<\/a>\n\t\t\t<\/div>\n\t<\/div><div class=\"wpls-logo-cnt\">\n\t<div class=\"wpls-fix-box\">\n\t\t\t\t<a href=\"http:\/\/sterlingsugars.com\/\" target=\"_self\">\n\t\t\t<img decoding=\"async\" class=\"wp-post-image\"  src=\"https:\/\/schaffersugar.com\/wp-content\/uploads\/2020\/05\/Sterling.png\" alt=\"\" \/>\n\t\t<\/a>\n\t\t\t<\/div>\n\t<\/div><div class=\"wpls-logo-cnt\">\n\t<div class=\"wpls-fix-box\">\n\t\t\t\t<img decoding=\"async\" class=\"wp-post-image\"  src=\"https:\/\/schaffersugar.com\/wp-content\/uploads\/2024\/04\/patoutn.png\" alt=\"\" \/>\n\t\t\t<\/div>\n\t<\/div><div class=\"wpls-logo-cnt\">\n\t<div class=\"wpls-fix-box\">\n\t\t\t\t<img decoding=\"async\" class=\"wp-post-image\"  src=\"https:\/\/schaffersugar.com\/wp-content\/uploads\/2024\/04\/santaderSugarGroup.jpeg\" alt=\"\" \/>\n\t\t\t<\/div>\n\t<\/div><div class=\"wpls-logo-cnt\">\n\t<div class=\"wpls-fix-box\">\n\t\t\t\t<img decoding=\"async\" class=\"wp-post-image\"  src=\"https:\/\/schaffersugar.com\/wp-content\/uploads\/2024\/04\/raceland.png\" alt=\"\" \/>\n\t\t\t<\/div>\n\t<\/div><div class=\"wpls-logo-cnt\">\n\t<div class=\"wpls-fix-box\">\n\t\t\t\t<img decoding=\"async\" class=\"wp-post-image\"  src=\"https:\/\/schaffersugar.com\/wp-content\/uploads\/2024\/04\/elpilar.png\" alt=\"\" \/>\n\t\t\t<\/div>\n\t<\/div>\t\t\t<\/div>\n\t\t<\/div>\n\n\t\t[\/vc_column_text][\/vc_column][\/vc_row][vc_row full_width=\u00bbstretch_row\u00bb css=\u00bb.vc_custom_1569723231745{padding-top: 80px !important;padding-bottom: 80px !important;background: #143f00 url(https:\/\/pixozzy.com\/schaffersugar\/wp-content\/uploads\/2019\/09\/bkTop2.png?id=1731) !important;background-position: center !important;background-repeat: no-repeat !important;background-size: cover !important;}\u00bb][vc_column offset=\u00bbvc_col-md-8&#8243;][vc_row_inner][vc_column_inner width=\u00bb3\/4&#8243;][vc_column_text]<\/p>\n<h2><span style=\"color: #ffffff;\">Nos comprometemos a proporcionar a <strong>nuestros clientes<\/strong> soluciones y servicios en los que pueden confiar.<br \/>\n<\/span><\/h2>\n<p>[\/vc_column_text][vc_empty_space height=\u00bb20px\u00bb][\/vc_column_inner][vc_column_inner width=\u00bb1\/4&#8243;][\/vc_column_inner][\/vc_row_inner][\/vc_column][vc_column offset=\u00bbvc_col-md-4&#8243;][vc_empty_space][vc_column_text]<span style=\"color: #ffffff;\">Schaffer Sugar Services han creado una cultura interna de trabajo \u00fanica. Nuestro mejor momento es cuando nos enfrentamos al desarrollo de soluciones personalizadas para nuestros clientes.<\/span>[\/vc_column_text][vc_empty_space][vc_column_text]<a class=\"button no-bg dark\" href=\"https:\/\/schaffersugar.com\/es\/quienes-somos\/\">Sobre nosotros<\/a>[\/vc_column_text][\/vc_column][\/vc_row][vc_row css=\u00bb.vc_custom_1515984066407{padding-top: 50px !important;}\u00bb][vc_column][vc_row_inner][vc_column_inner width=\u00bb1\/3&#8243;][vc_custom_heading text=\u00bbBLOG &amp; NOTICIAS\u00bb use_theme_fonts=\u00bbyes\u00bb][vc_empty_space height=\u00bb20px\u00bb][\/vc_column_inner][vc_column_inner width=\u00bb2\/3&#8243;][vc_column_text]Lea nuestro blog y noticias sobre las tecnolog\u00edas y servicios que ofrecemos, como tambi\u00e9n los casos de \u00e9xito de los proyectos que desarrollamos.[\/vc_column_text][vc_empty_space height=\u00bb40px\u00bb][\/vc_column_inner][\/vc_row_inner][\/vc_column][\/vc_row][vc_row][vc_column]\n\t<div class=\"blog-shortcode  post-thumbnail-cover\">\n\t\t\n\t\t<div class=\"blog-entries\">\n\t\t\t\t\t\t\t<div class=\"entries-wrapper content-inner blog-grid\" data-grid=\"{&quot;itemSelector&quot;:&quot;.post&quot;}\" data-columns=\"3\">\n\t\t\t\t\t\t\t\t\t\t\t\n\t\t\t\t<div class=\"post post-3171 type-post status-publish format-standard has-post-thumbnail hentry category-noticias tag-clarificacion tag-clarification tag-meladura tag-sulfitacion tag-sulphitation tag-syrup\">\n\t\t\t\t\t<div class=\"post-inner\">\t\t\n\t\t\t\t\t\t\t\t\t\t\t\t\t\n\t\t\t\t\t\t\t\t\t\t\t\t\t\t\t\n\t\t\t\t\t\t\t\t<div class=\"post-image\">\n\t\t\t\t\t\t\t\t\t<h2 class=\"post-title\">\n\t\t\t\t\t\t\t\t\t\t<a href=\"https:\/\/schaffersugar.com\/es\/mejora-del-proceso-de-clarificacion-de-meladura-en-ingenios-consideraciones-para-su-implementacion\/\">Mejora del Proceso de Clarificaci\u00f3n de Meladura en Ingenios: Consideraciones para su Implementaci\u00f3n<\/a>\n\t\t\t\t\t\t\t\t\t<\/h2>\n\t\t\t\t\t\t\t\t\t<span class=\"post-categories\">\n\t\t\t\t\t\t\t\t\t\t<a href=\"https:\/\/schaffersugar.com\/es\/category\/noticias\/\" rel=\"category tag\">Noticias<\/a>\t\t\t\t\t\t\t\t\t<\/span>\n\t\t\t\t\t\t\t\t\t<a class=\"featured-image\" href=\"https:\/\/schaffersugar.com\/es\/mejora-del-proceso-de-clarificacion-de-meladura-en-ingenios-consideraciones-para-su-implementacion\/\">\n\t\t\t\t\t\t\t\t\t\t<img decoding=\"async\" class=\"\" src=\"https:\/\/schaffersugar.com\/wp-content\/uploads\/2023\/10\/LLT-Mud-Filtrate-800x450.jpg\" width=\"800\" height=\"450\" alt=\"LLT-Mud-Filtrate\" title=\"LLT-Mud-Filtrate\" loading=\"lazy\" \/>\t\t\t\t\t\t\t\t\t<\/a>\n\t\t\t\t\t\t\t\t<\/div>\n\n\t\t\t\t\t\t\t\n\t\t\t\t\t\t\n\t\t\t\t\t\t\n\t\t\t\t\t\t\t\t\t\t\t<\/div>\t\t\n\t\t\t\t<\/div>\n\n\t\t\t\t\t\t\t\t\n\t\t\t\t<div class=\"post post-2878 type-post status-publish format-standard has-post-thumbnail hentry category-noticias tag-cana-de-azucar tag-cimentacion tag-construction-engineering tag-engineering tag-foundation tag-ingenieria tag-sugarcane\">\n\t\t\t\t\t<div class=\"post-inner\">\t\t\n\t\t\t\t\t\t\t\t\t\t\t\t\t\n\t\t\t\t\t\t\t\t\t\t\t\t\t\t\t\n\t\t\t\t\t\t\t\t<div class=\"post-image\">\n\t\t\t\t\t\t\t\t\t<h2 class=\"post-title\">\n\t\t\t\t\t\t\t\t\t\t<a href=\"https:\/\/schaffersugar.com\/es\/recomendaciones-de-diseno-para-cimentaciones-de-equipo-dinamico\/\">RECOMENDACIONES DE DISE\u00d1O PARA CIMENTACIONES DE EQUIPO DIN\u00c1MICO<\/a>\n\t\t\t\t\t\t\t\t\t<\/h2>\n\t\t\t\t\t\t\t\t\t<span class=\"post-categories\">\n\t\t\t\t\t\t\t\t\t\t<a href=\"https:\/\/schaffersugar.com\/es\/category\/noticias\/\" rel=\"category tag\">Noticias<\/a>\t\t\t\t\t\t\t\t\t<\/span>\n\t\t\t\t\t\t\t\t\t<a class=\"featured-image\" href=\"https:\/\/schaffersugar.com\/es\/recomendaciones-de-diseno-para-cimentaciones-de-equipo-dinamico\/\">\n\t\t\t\t\t\t\t\t\t\t<img decoding=\"async\" class=\"\" src=\"https:\/\/schaffersugar.com\/wp-content\/uploads\/2019\/11\/RECOMENDACIONES-DE-DISEN\u0303O-PARA-CIMENTACIONES-DE-EQUIPO-DINA\u0301MICO.jpg\" width=\"501\" height=\"354\" alt=\"RECOMENDACIONES DE DISEN\u0303O PARA CIMENTACIONES DE EQUIPO DINA\u0301MICO\" title=\"RECOMENDACIONES DE DISEN\u0303O PARA CIMENTACIONES DE EQUIPO DINA\u0301MICO\" loading=\"lazy\" \/>\t\t\t\t\t\t\t\t\t<\/a>\n\t\t\t\t\t\t\t\t<\/div>\n\n\t\t\t\t\t\t\t\n\t\t\t\t\t\t\n\t\t\t\t\t\t\n\t\t\t\t\t\t\t\t\t\t\t<\/div>\t\t\n\t\t\t\t<\/div>\n\n\t\t\t\t\t\t\t\t\n\t\t\t\t<div class=\"post post-2764 type-post status-publish format-standard has-post-thumbnail hentry category-blog-es category-noticias tag-clarifier-2 tag-jugo-2 tag-juice-2 tag-llt-2\">\n\t\t\t\t\t<div class=\"post-inner\">\t\t\n\t\t\t\t\t\t\t\t\t\t\t\t\t\n\t\t\t\t\t\t\t\t\t\t\t\t\t\t\t\n\t\t\t\t\t\t\t\t<div class=\"post-image\">\n\t\t\t\t\t\t\t\t\t<h2 class=\"post-title\">\n\t\t\t\t\t\t\t\t\t\t<a href=\"https:\/\/schaffersugar.com\/es\/back-to-basics-with-schaffer-sugar-8-clarification-practices-to-improve-your-operation\/\">8 CONSEJOS DE CLARIFICACI\u00d3N PARA MEJORAR SU OPERACI\u00d3N<\/a>\n\t\t\t\t\t\t\t\t\t<\/h2>\n\t\t\t\t\t\t\t\t\t<span class=\"post-categories\">\n\t\t\t\t\t\t\t\t\t\t<a href=\"https:\/\/schaffersugar.com\/es\/category\/blog-es\/\" rel=\"category tag\">Blog<\/a> <a href=\"https:\/\/schaffersugar.com\/es\/category\/noticias\/\" rel=\"category tag\">Noticias<\/a>\t\t\t\t\t\t\t\t\t<\/span>\n\t\t\t\t\t\t\t\t\t<a class=\"featured-image\" href=\"https:\/\/schaffersugar.com\/es\/back-to-basics-with-schaffer-sugar-8-clarification-practices-to-improve-your-operation\/\">\n\t\t\t\t\t\t\t\t\t\t<img decoding=\"async\" class=\"\" src=\"https:\/\/schaffersugar.com\/wp-content\/uploads\/2019\/10\/post1.jpg\" width=\"501\" height=\"354\" alt=\"post1\" title=\"post1\" loading=\"lazy\" \/>\t\t\t\t\t\t\t\t\t<\/a>\n\t\t\t\t\t\t\t\t<\/div>\n\n\t\t\t\t\t\t\t\n\t\t\t\t\t\t\n\t\t\t\t\t\t\n\t\t\t\t\t\t\t\t\t\t\t<\/div>\t\t\n\t\t\t\t<\/div>\n\n\t\t\t\t\t\t\t\t\t\t\t<\/div>\n\t\t<\/div>\n\t<\/div>[\/vc_column][\/vc_row]<\/p>\n<\/div>","protected":false},"excerpt":{"rendered":"<p>[vc_row full_width=\u00bbstretch_row_content_no_spaces\u00bb][vc_column][\/vc_column][\/vc_row][vc_row full_width=\u00bbstretch_row\u00bb css=\u00bb.vc_custom_1571954163247{padding-top: 60px !important;padding-bottom: 30px !important;background: #3b6600 url(https:\/\/pixozzy.com\/schaffersugar\/wp-content\/uploads\/2019\/09\/bkTop2.png?id=1731) !important;background-position: center !important;background-repeat: no-repeat !important;background-size: cover !important;}\u00bb][vc_column width=\u00bb1\/3&#8243;][vc_empty_space height=\u00bb30px\u00bb][\/vc_column][vc_column width=\u00bb1\/3&#8243;][vc_empty_space height=\u00bb30px\u00bb][\/vc_column][vc_column width=\u00bb1\/3&#8243;][vc_empty_space height=\u00bb30px\u00bb][\/vc_column][\/vc_row][vc_row full_width=\u00bbstretch_row\u00bb css=\u00bb.vc_custom_1569720787765{padding-top: 60px !important;padding-bottom: 60px !important;}\u00bb][vc_column][vc_custom_heading text=\u00bbNUESTROS CLIENTES\u00bb use_theme_fonts=\u00bbyes\u00bb][vc_column_text][\/vc_column_text][\/vc_column][\/vc_row][vc_row full_width=\u00bbstretch_row\u00bb css=\u00bb.vc_custom_1569723231745{padding-top: 80px !important;padding-bottom: 80px !important;background: #143f00 url(https:\/\/pixozzy.com\/schaffersugar\/wp-content\/uploads\/2019\/09\/bkTop2.png?id=1731) !important;background-position: center !important;background-repeat: no-repeat !important;background-size: cover !important;}\u00bb][vc_column offset=\u00bbvc_col-md-8&#8243;][vc_row_inner][vc_column_inner width=\u00bb3\/4&#8243;][vc_column_text] Nos comprometemos a proporcionar a nuestros [&hellip;]<\/p>\n","protected":false},"author":1,"featured_media":0,"parent":0,"menu_order":0,"comment_status":"closed","ping_status":"closed","template":"","meta":{"_joinchat":{"message_text":"Hola, \u00bfC\u00f3mo te puedo ayudar?","message_send":"Hola, {SITE} necesito m\u00e1s informaci\u00f3n sobre Schaffer Sugar {URL}"},"footnotes":""},"class_list":["post-2662","page","type-page","status-publish","hentry"],"_links":{"self":[{"href":"https:\/\/schaffersugar.com\/es\/wp-json\/wp\/v2\/pages\/2662","targetHints":{"allow":["GET"]}}],"collection":[{"href":"https:\/\/schaffersugar.com\/es\/wp-json\/wp\/v2\/pages"}],"about":[{"href":"https:\/\/schaffersugar.com\/es\/wp-json\/wp\/v2\/types\/page"}],"author":[{"embeddable":true,"href":"https:\/\/schaffersugar.com\/es\/wp-json\/wp\/v2\/users\/1"}],"replies":[{"embeddable":true,"href":"https:\/\/schaffersugar.com\/es\/wp-json\/wp\/v2\/comments?post=2662"}],"version-history":[{"count":21,"href":"https:\/\/schaffersugar.com\/es\/wp-json\/wp\/v2\/pages\/2662\/revisions"}],"predecessor-version":[{"id":3197,"href":"https:\/\/schaffersugar.com\/es\/wp-json\/wp\/v2\/pages\/2662\/revisions\/3197"}],"wp:attachment":[{"href":"https:\/\/schaffersugar.com\/es\/wp-json\/wp\/v2\/media?parent=2662"}],"curies":[{"name":"wp","href":"https:\/\/api.w.org\/{rel}","templated":true}]}}