{"id":2713,"date":"2019-11-11T17:22:44","date_gmt":"2019-11-11T17:22:44","guid":{"rendered":"https:\/\/schaffersugar.com\/quienes-somos\/"},"modified":"2020-01-07T18:04:48","modified_gmt":"2020-01-07T18:04:48","slug":"quienes-somos","status":"publish","type":"page","link":"https:\/\/schaffersugar.com\/es\/quienes-somos\/","title":{"rendered":"Qui\u00e9nes Somos"},"content":{"rendered":"<div class=\"wpb-content-wrapper\"><p>[vc_row][vc_column]\n\t\t\t<!-- START about esp REVOLUTION SLIDER 6.1.1 --><p class=\"rs-p-wp-fix\"><\/p>\n\t\t\t<rs-module-wrap id=\"rev_slider_6_1_wrapper\" data-source=\"gallery\" style=\"background:transparent;padding:0;margin:0px auto;margin-top:0;margin-bottom:0;max-width:\">\n\t\t\t\t<rs-module id=\"rev_slider_6_1\" style=\"display:none;\" data-version=\"6.1.1\">\n\t\t\t\t\t<rs-slides>\n\t\t\t\t\t\t<rs-slide data-key=\"rs-16\" data-title=\"Slide\" data-thumb=\"\/\/schaffersugar.com\/wp-content\/uploads\/2020\/08\/6_Evaporator-100x50.jpg\" data-anim=\"ei:d;eo:d;s:600;r:0;t:fade;sl:d;\">\n\t\t\t\t\t\t\t<img loading=\"lazy\" decoding=\"async\" src=\"\/\/schaffersugar.com\/wp-content\/uploads\/2020\/08\/6_Evaporator.jpg\" title=\"6_Evaporator\" width=\"3456\" height=\"2304\" class=\"rev-slidebg\" data-no-retina>\n<!--\n\t\t\t\t\t\t\t--><rs-layer\n\t\t\t\t\t\t\t\tid=\"slider-6-slide-16-layer-1\" \n\t\t\t\t\t\t\t\tdata-type=\"text\"\n\t\t\t\t\t\t\t\tdata-color=\"#8d8ea3\"\n\t\t\t\t\t\t\t\tdata-rsp_ch=\"on\"\n\t\t\t\t\t\t\t\tdata-xy=\"x:70px;y:c;\"\n\t\t\t\t\t\t\t\tdata-text=\"s:36;l:36;fw:200;a:inherit;\"\n\t\t\t\t\t\t\t\tdata-padding=\"t:20;r:20;b:20;l:20;\"\n\t\t\t\t\t\t\t\tdata-frame_0=\"o:1;tp:600;\"\n\t\t\t\t\t\t\t\tdata-frame_0_sfx=\"se:blocktoright;\"\n\t\t\t\t\t\t\t\tdata-frame_1=\"tp:600;e:Power4.easeInOut;sp:2000;\"\n\t\t\t\t\t\t\t\tdata-frame_1_sfx=\"se:blocktoright;\"\n\t\t\t\t\t\t\t\tdata-frame_999=\"o:0;tp:600;st:w;sR:7000;\"\n\t\t\t\t\t\t\t\tstyle=\"z-index:5;background-color:#ffffff;font-family:Poppins;text-transform:uppercase;\"\n\t\t\t\t\t\t\t><div class=\"slider-caption-1\">\n<div class=\"slider-title no-margin-bottom\">\nNos comprometemos a proporcionar <br>a nuestros clientes soluciones <br>y servicios en los que pueden confiar.\n\n<\/div>\n<\/div> \n\t\t\t\t\t\t\t<\/rs-layer><!--\n-->\t\t\t\t\t\t<\/rs-slide>\n\t\t\t\t\t\t<rs-slide data-key=\"rs-17\" data-title=\"Slide\" data-thumb=\"\/\/schaffersugar.com\/wp-content\/uploads\/2020\/08\/1_Sugar_Mill-100x50.jpg\" data-anim=\"ei:d;eo:d;s:600;r:0;t:fade;sl:d;\">\n\t\t\t\t\t\t\t<img loading=\"lazy\" decoding=\"async\" src=\"\/\/schaffersugar.com\/wp-content\/uploads\/2020\/08\/1_Sugar_Mill.jpg\" title=\"1_Sugar_Mill\" width=\"5347\" height=\"3565\" data-bg=\"p:center top;\" class=\"rev-slidebg\" data-no-retina>\n<!--\n\t\t\t\t\t\t\t--><rs-layer\n\t\t\t\t\t\t\t\tid=\"slider-6-slide-17-layer-1\" \n\t\t\t\t\t\t\t\tdata-type=\"text\"\n\t\t\t\t\t\t\t\tdata-color=\"#236d1e\"\n\t\t\t\t\t\t\t\tdata-rsp_ch=\"on\"\n\t\t\t\t\t\t\t\tdata-xy=\"x:r;xo:31px;y:c;yo:105px;\"\n\t\t\t\t\t\t\t\tdata-text=\"s:32;l:36;fw:200;a:inherit;\"\n\t\t\t\t\t\t\t\tdata-padding=\"t:30;r:30;b:30;l:30;\"\n\t\t\t\t\t\t\t\tdata-frame_0=\"o:1;tp:600;\"\n\t\t\t\t\t\t\t\tdata-frame_0_sfx=\"se:blocktoleft;\"\n\t\t\t\t\t\t\t\tdata-frame_1=\"tp:600;e:Power4.easeInOut;sp:2000;sR:10;\"\n\t\t\t\t\t\t\t\tdata-frame_1_sfx=\"se:blocktoleft;\"\n\t\t\t\t\t\t\t\tdata-frame_999=\"o:0;tp:600;st:w;sR:6990;\"\n\t\t\t\t\t\t\t\tstyle=\"z-index:5;background-color:#ffffff;font-family:Poppins;text-transform:uppercase;\"\n\t\t\t\t\t\t\t><div class=\"slider-caption-1\">\n<div class=\"slider-title no-margin-bottom\">\n<strong>Schaffer Sugar Services<\/strong><br> \nhan creado una cultura interna <br> de trabajo \u00fanica. Nuestro mejor <br>momento es cuando nos enfrentamos <br>  al desarrollo de soluciones <br> personalizadas para nuestros clientes.\n<\/div>\n<\/div> \n\t\t\t\t\t\t\t<\/rs-layer><!--\n-->\t\t\t\t\t\t<\/rs-slide>\n\t\t\t\t\t<\/rs-slides>\n\t\t\t\t\t<rs-progress class=\"rs-bottom\" style=\"visibility: hidden !important;\"><\/rs-progress>\n\t\t\t\t<\/rs-module>\n\t\t\t\t<script type=\"text\/javascript\">\n\t\t\t\t\tsetREVStartSize({c: 'rev_slider_6_1',rl:[1240,1024,778,480],el:[558],gw:[1170],gh:[558],layout:'fullwidth',mh:\"0\"});\n\t\t\t\t\tvar\trevapi6,\n\t\t\t\t\t\ttpj;\n\t\t\t\t\tjQuery(function() {\n\t\t\t\t\t\ttpj = jQuery;\n\t\t\t\t\t\tif(tpj(\"#rev_slider_6_1\").revolution == undefined){\n\t\t\t\t\t\t\trevslider_showDoubleJqueryError(\"#rev_slider_6_1\");\n\t\t\t\t\t\t}else{\n\t\t\t\t\t\t\trevapi6 = tpj(\"#rev_slider_6_1\").show().revolution({\n\t\t\t\t\t\t\t\tjsFileLocation:\"\/\/schaffersugar.com\/wp-content\/plugins\/revslider\/public\/assets\/js\/\",\n\t\t\t\t\t\t\t\tvisibilityLevels:\"1240,1024,778,480\",\n\t\t\t\t\t\t\t\tgridwidth:1170,\n\t\t\t\t\t\t\t\tgridheight:558,\n\t\t\t\t\t\t\t\tminHeight:\"\",\n\t\t\t\t\t\t\t\tspinner:\"spinner0\",\n\t\t\t\t\t\t\t\teditorheight:\"558,768,960,720\",\n\t\t\t\t\t\t\t\tresponsiveLevels:\"1240,1024,778,480\",\n\t\t\t\t\t\t\t\tdisableProgressBar:\"on\",\n\t\t\t\t\t\t\t\tnavigation: {\n\t\t\t\t\t\t\t\t\tmouseScrollNavigation:false,\n\t\t\t\t\t\t\t\t\tonHoverStop:false,\n\t\t\t\t\t\t\t\t\tbullets: {\n\t\t\t\t\t\t\t\t\t\tenable:true,\n\t\t\t\t\t\t\t\t\t\ttmp:\"\",\n\t\t\t\t\t\t\t\t\t\tstyle:\"hesperiden\"\n\t\t\t\t\t\t\t\t\t}\n\t\t\t\t\t\t\t\t},\n\t\t\t\t\t\t\t\tfallbacks: {\n\t\t\t\t\t\t\t\t\tallowHTML5AutoPlayOnAndroid:true\n\t\t\t\t\t\t\t\t},\n\t\t\t\t\t\t\t});\n\t\t\t\t\t\t}\n\t\t\t\t\t\t\n\t\t\t\t\t});\n\t\t\t\t<\/script>\n\t\t\t\t<script>\n\t\t\t\t\tvar htmlDivCss = unescape(\"%23rev_slider_6_1_wrapper%20.hesperiden.tp-bullets%20%7B%0A%7D%0A%23rev_slider_6_1_wrapper%20.hesperiden.tp-bullets%3Abefore%20%7B%0A%09content%3A%27%20%27%3B%0A%09position%3Aabsolute%3B%0A%09width%3A100%25%3B%0A%09height%3A100%25%3B%0A%09background%3Atransparent%3B%0A%09padding%3A10px%3B%0A%09margin-left%3A-10px%3Bmargin-top%3A-10px%3B%0A%09box-sizing%3Acontent-box%3B%0A%20%20%20border-radius%3A8px%3B%0A%20%20%0A%7D%0A%23rev_slider_6_1_wrapper%20.hesperiden%20.tp-bullet%20%7B%0A%09width%3A5px%3B%0A%09height%3A5px%3B%0A%09position%3Aabsolute%3B%0A%09background%3A%20%23c6d3e3%3B%20%2F%2A%20old%20browsers%20%2A%2F%0A%20%20%20%20background%3A%20-moz-linear-gradient%28top%2C%20%20%23c6d3e3%200%25%2C%20%23c6d3e3%20100%25%29%3B%20%2F%2A%20ff3.6%2B%20%2A%2F%0A%20%20%20%20background%3A%20-webkit-linear-gradient%28top%2C%20%20%23c6d3e3%200%25%2C%23c6d3e3%20100%25%29%3B%20%2F%2A%20chrome10%2B%2Csafari5.1%2B%20%2A%2F%0A%20%20%20%20background%3A%20-o-linear-gradient%28top%2C%20%20%23c6d3e3%200%25%2C%23c6d3e3%20100%25%29%3B%20%2F%2A%20opera%2011.10%2B%20%2A%2F%0A%20%20%20%20background%3A%20-ms-linear-gradient%28top%2C%20%20%23c6d3e3%200%25%2C%23c6d3e3%20100%25%29%3B%20%2F%2A%20ie10%2B%20%2A%2F%0A%20%20%20%20background%3A%20linear-gradient%28to%20bottom%2C%20%20%23c6d3e3%200%25%2C%23c6d3e3%20100%25%29%3B%20%2F%2A%20w3c%20%2A%2F%0A%20%20%20%20filter%3A%20progid%3Adximagetransform.microsoft.gradient%28%20%0A%20%20%20%20startcolorstr%3D%27%23c6d3e3%27%2C%20endcolorstr%3D%27%23c6d3e3%27%2Cgradienttype%3D0%20%29%3B%20%2F%2A%20ie6-9%20%2A%2F%0A%09border%3A7px%20solid%20%23ffffff%3B%0A%09border-radius%3A50%25%3B%0A%09cursor%3A%20pointer%3B%0A%09box-sizing%3Acontent-box%3B%0A%7D%0A%23rev_slider_6_1_wrapper%20.hesperiden%20.tp-bullet%3Ahover%2C%0A%23rev_slider_6_1_wrapper%20.hesperiden%20.tp-bullet.selected%20%7B%0A%09background%3A%23273272%3B%0A%7D%0A%23rev_slider_6_1_wrapper%20.hesperiden%20.tp-bullet-image%20%7B%0A%7D%0A%23rev_slider_6_1_wrapper%20.hesperiden%20.tp-bullet-title%20%7B%0A%7D%0A%0A\");\n\t\t\t\t\tvar htmlDiv = document.getElementById('rs-plugin-settings-inline-css');\n\t\t\t\t\tif(htmlDiv) {\n\t\t\t\t\t\thtmlDiv.innerHTML = htmlDiv.innerHTML + htmlDivCss;\n\t\t\t\t\t}else{\n\t\t\t\t\t\tvar htmlDiv = document.createElement('div');\n\t\t\t\t\t\thtmlDiv.innerHTML = '<style>' + htmlDivCss + '<\/style>';\n\t\t\t\t\t\tdocument.getElementsByTagName('head')[0].appendChild(htmlDiv.childNodes[0]);\n\t\t\t\t\t}\n\t\t\t\t<\/script>\n\t\t\t\t<script>\n\t\t\t\t\tvar htmlDivCss = unescape(\"%0A%0A\");\n\t\t\t\t\tvar htmlDiv = document.getElementById('rs-plugin-settings-inline-css');\n\t\t\t\t\tif(htmlDiv) {\n\t\t\t\t\t\thtmlDiv.innerHTML = htmlDiv.innerHTML + htmlDivCss;\n\t\t\t\t\t}else{\n\t\t\t\t\t\tvar htmlDiv = document.createElement('div');\n\t\t\t\t\t\thtmlDiv.innerHTML = '<style>' + htmlDivCss + '<\/style>';\n\t\t\t\t\t\tdocument.getElementsByTagName('head')[0].appendChild(htmlDiv.childNodes[0]);\n\t\t\t\t\t}\n\t\t\t\t<\/script>\n\t\t\t<\/rs-module-wrap>\n\t\t\t<!-- END REVOLUTION SLIDER -->\n[vc_empty_space height=\u00bb30px\u00bb][\/vc_column][\/vc_row][vc_row][vc_column][vc_empty_space height=\u00bb40px\u00bb][vc_custom_heading text=\u00bb\u00bfPor qu\u00e9 Schaffer Sugar Services?\u00bb font_container=\u00bbtag:h2|text_align:center\u00bb use_theme_fonts=\u00bbyes\u00bb][vc_empty_space height=\u00bb20px\u00bb][vc_row_inner gap=\u00bb35&#8243;][vc_column_inner width=\u00bb1\/2&#8243;][vc_column_text]Respaldamos nuestros servicios de ingenier\u00eda y dise\u00f1o de alta calidad con un soporte y conocimiento de software inform\u00e1tico sin igual. Con nuestro equipo de ingenier\u00eda, tenemos los recursos para garantizar un servicio de talla mundial a nuestros clientes de la industria azucarera. Adem\u00e1s, Schaffer Sugar Services es una divisi\u00f3n de <strong>Crompion International<\/strong> donde nuestros Ingenieros Metal\u00fargicos pueden trabajar con usted, de manera personalizada, para ayudarlo en la selecci\u00f3n y suministro de materiales para proporcionar soluciones adaptadas a aplicaciones espec\u00edficas.<\/p>\n<p>Adem\u00e1s, somos un legado del grupo de ingenier\u00eda Schaffer Sugar que desarroll\u00f3 m\u00e1s de novecientos proyectos de ingenier\u00eda azucarera en m\u00e1s de 60 pa\u00edses desde la d\u00e9cada de 1950. En reconocimiento a nuestro \u00e9xito y responsabilidad corporativa en el extranjero, nuestra empresa recibi\u00f3 el Premio inaugural del Departamento de Estado de los EE. UU. a la Excelencia Corporativa en 1999.[\/vc_column_text][vc_empty_space height=\u00bb20px\u00bb][\/vc_column_inner][vc_column_inner width=\u00bb1\/2&#8243;][vc_column_text]Recibimos este premio en reconocimiento a nuestros altos est\u00e1ndares de responsabilidad empresarial y c\u00f3mo una empresa estadounidense que representa a los valores americanos y sus pr\u00e1cticas comerciales. Incorporamos nuestra experiencia y \u00e9tica heredadas en la industria azucarera local e internacional, con ingenieros experimentados dirigidos por el Sr. George Schaffer, y nuestras tecnolog\u00edas nuevas, confiables e innovadoras.[\/vc_column_text][vc_empty_space height=\u00bb20px\u00bb][\/vc_column_inner][\/vc_row_inner][\/vc_column][\/vc_row][vc_row full_width=\u00bbstretch_row\u00bb css=\u00bb.vc_custom_1569731524525{padding-top: 80px !important;padding-bottom: 40px !important;background: #255900 url(https:\/\/pixozzy.com\/schaffersugar\/wp-content\/uploads\/2019\/09\/bkTop2.png?id=1731) !important;background-position: center !important;background-repeat: no-repeat !important;background-size: cover !important;}\u00bb][vc_column][vc_row_inner][vc_column_inner width=\u00bb1\/12&#8243;][\/vc_column_inner][vc_column_inner width=\u00bb5\/6&#8243;][vc_custom_heading text=\u00bbNuestros Principios\u00bb font_container=\u00bbtag:h2|text_align:center|color:%23ffffff\u00bb use_theme_fonts=\u00bbyes\u00bb][\/vc_column_inner][vc_column_inner width=\u00bb1\/12&#8243;][\/vc_column_inner][\/vc_row_inner][vc_empty_space height=\u00bb30px\u00bb][vc_row_inner content_placement=\u00bbmiddle\u00bb gap=\u00bb30&#8243;][vc_column_inner width=\u00bb1\/2&#8243;]<ul class=\"iconlist iconlist iconlist-icon-small \"><li ><div class=\"iconlist-item-icon\"><i class=\"entypo-icon entypo-icon-heart\"><\/i><span class=\"shapes\"><\/span><\/div><div class=\"iconlist-item-content\"><\/p>\n<p class=\"font_9\"><span style=\"color: #ffffff\"><strong><span class=\"color_15\">Nuestra Cultura de Trabajo<\/span><\/strong><\/span><\/p>\n<p><span style=\"color: #ffffff\">Los l\u00edderes de Schaffer Sugar Services han creado una cultura interna de trabajo \u00fanica. Nuestro mejor momento es cuando nos enfrentamos al desarrollo de soluciones personalizadas para nuestros clientes. Nuestro pensamiento innovador, liderazgo en I&amp;D y pasi\u00f3n por el \u00e9xito del cliente nos diferencian de nuestros competidores. Schaffer Sugar Services trabaja con sus clientes para encontrar la combinaci\u00f3n m\u00e1s pr\u00e1ctica de dise\u00f1os, productos y servicios para satisfacer sus necesidades operativas y alcanzar sus objetivos estrat\u00e9gicos.<\/span><\/div><\/li><li ><div class=\"iconlist-item-icon\"><i class=\"entypo-icon entypo-icon-light-up\"><\/i><span class=\"shapes\"><\/span><\/div><div class=\"iconlist-item-content\"><\/p>\n<p class=\"font_9\"><span class=\"color_15\" style=\"color: #ffffff\">Nuestro Compromiso<\/span><\/p>\n<p><span style=\"color: #ffffff\">Ayudamos a nuestros clientes a identificar c\u00f3mo las aplicaciones especializadas de az\u00facar pueden mejorar la confiabilidad, eficiencia y rentabilidad de sus operaciones. Nos comprometemos a proporcionar a nuestros clientes soluciones y servicios en los que pueden confiar.<\/span><\/div><\/li><\/ul>[vc_empty_space height=\u00bb20px\u00bb][\/vc_column_inner][vc_column_inner width=\u00bb1\/2&#8243; css=\u00bb.vc_custom_1568829015369{background-position: center !important;background-repeat: no-repeat !important;background-size: cover !important;}\u00bb][vc_empty_space height=\u00bb60px\u00bb][vc_single_image image=\u00bb2775&#8243; img_size=\u00bbfull\u00bb][vc_empty_space height=\u00bb60px\u00bb][\/vc_column_inner][\/vc_row_inner][\/vc_column][\/vc_row][vc_row][vc_column][vc_empty_space height=\u00bb40px\u00bb][vc_row_inner][vc_column_inner width=\u00bb1\/2&#8243; css=\u00bb.vc_custom_1571958886581{padding-top: 0px !important;padding-right: 80px !important;}\u00bb][vc_empty_space height=\u00bb60px\u00bb][vc_column_text]El Sr. George Schaffer fund\u00f3 esta empresa para ofrecer servicios y equipos que re\u00fanen el conocimiento y la experiencia de muchos ex ingenieros de Schaffer combinados con otros t\u00e9cnicos azucareros muy experimentados, que incluyen, ingenieros qu\u00edmicos, mec\u00e1nicos, de automatizaci\u00f3n y civiles.<\/p>\n<p>Como presidente de Crompion International y Schaffer Sugar Services, el Sr. Schaffer participa activamente en cada proyecto, asegurando que cada trabajo y proyecto se lleve a cabo con el mismo nivel que hacen que los clientes quieran volver una y otra vez. El Sr. Schaffer es miembro del World Trade Center de Nueva Orleans y de la Sociedad Estadounidense de T\u00e9cnicos de la Ca\u00f1a de Az\u00facar.[\/vc_column_text][vc_empty_space height=\u00bb20px\u00bb][\/vc_column_inner][vc_column_inner width=\u00bb1\/2&#8243;][vc_separator][vc_empty_space height=\u00bb20px\u00bb][vc_column_text]<\/p>\n<blockquote><p><strong>Acerca del Sr. George Schaffer, nuestro presidente<\/strong><\/p><\/blockquote>\n<p>Graduado de la Universidad Estatal de Luisiana (LSU), el Sr. Schaffer comenz\u00f3 su experiencia laboral, trabajando con su padre, el Sr. Francis C. Schaffer, adquiriendo conocimientos y habilidades en las industrias del az\u00facar, fabricaci\u00f3n de acero e ingenier\u00eda. Ha trabajado en proyectos de agricultura, financiaci\u00f3n, consultor\u00eda agroindustrial, ingenier\u00eda, y apoyo a la gesti\u00f3n de proyectos en pa\u00edses de todo el mundo. En 1997, se dedic\u00f3 negocios en ingenier\u00eda, agricultura y materiales especializados. En el 2000, fund\u00f3 lo que evolucion\u00f3 para convertirse en Crompion International, un l\u00edder en soluciones de materiales y procesos.[\/vc_column_text][vc_empty_space height=\u00bb20px\u00bb][vc_separator][\/vc_column_inner][\/vc_row_inner][\/vc_column][\/vc_row]<\/p>\n<\/div>","protected":false},"excerpt":{"rendered":"<p>[vc_row][vc_column][vc_empty_space height=\u00bb30px\u00bb][\/vc_column][\/vc_row][vc_row][vc_column][vc_empty_space height=\u00bb40px\u00bb][vc_custom_heading text=\u00bb\u00bfPor qu\u00e9 Schaffer Sugar Services?\u00bb font_container=\u00bbtag:h2|text_align:center\u00bb use_theme_fonts=\u00bbyes\u00bb][vc_empty_space height=\u00bb20px\u00bb][vc_row_inner gap=\u00bb35&#8243;][vc_column_inner width=\u00bb1\/2&#8243;][vc_column_text]Respaldamos nuestros servicios de ingenier\u00eda y dise\u00f1o de alta calidad con un soporte y conocimiento de software inform\u00e1tico sin igual. Con nuestro equipo de ingenier\u00eda, tenemos los recursos para garantizar un servicio de talla mundial a nuestros clientes de la industria azucarera. Adem\u00e1s, [&hellip;]<\/p>\n","protected":false},"author":1,"featured_media":0,"parent":0,"menu_order":0,"comment_status":"closed","ping_status":"open","template":"","meta":{"_joinchat":[],"footnotes":""},"class_list":["post-2713","page","type-page","status-publish","hentry"],"_links":{"self":[{"href":"https:\/\/schaffersugar.com\/es\/wp-json\/wp\/v2\/pages\/2713","targetHints":{"allow":["GET"]}}],"collection":[{"href":"https:\/\/schaffersugar.com\/es\/wp-json\/wp\/v2\/pages"}],"about":[{"href":"https:\/\/schaffersugar.com\/es\/wp-json\/wp\/v2\/types\/page"}],"author":[{"embeddable":true,"href":"https:\/\/schaffersugar.com\/es\/wp-json\/wp\/v2\/users\/1"}],"replies":[{"embeddable":true,"href":"https:\/\/schaffersugar.com\/es\/wp-json\/wp\/v2\/comments?post=2713"}],"version-history":[{"count":10,"href":"https:\/\/schaffersugar.com\/es\/wp-json\/wp\/v2\/pages\/2713\/revisions"}],"predecessor-version":[{"id":2955,"href":"https:\/\/schaffersugar.com\/es\/wp-json\/wp\/v2\/pages\/2713\/revisions\/2955"}],"wp:attachment":[{"href":"https:\/\/schaffersugar.com\/es\/wp-json\/wp\/v2\/media?parent=2713"}],"curies":[{"name":"wp","href":"https:\/\/api.w.org\/{rel}","templated":true}]}}