{"id":2738,"date":"2019-11-12T17:41:24","date_gmt":"2019-11-12T17:41:24","guid":{"rendered":"https:\/\/schaffersugar.com\/balance-de-me-y-reportes-de-eficiencia\/"},"modified":"2024-07-17T21:17:46","modified_gmt":"2024-07-17T21:17:46","slug":"balance-de-me-y-reportes-de-eficiencia","status":"publish","type":"page","link":"https:\/\/schaffersugar.com\/es\/balance-de-me-y-reportes-de-eficiencia\/","title":{"rendered":"Balance de M&#038;E y Reportes de Eficiencia"},"content":{"rendered":"<div class=\"wpb-content-wrapper\"><p>[vc_row][vc_column width=\u00bb1\/2&#8243;][vc_column_text]Podemos calcular el <strong>Balance de Materia y Energ\u00eda (M&amp;E)<\/strong> de su f\u00e1brica con m\u00faltiples escenarios de operaci\u00f3n, incluyendo expansi\u00f3n y dise\u00f1o. Podemos realizar un chequeo cruzado de su reporte de f\u00e1brica y proveer mejores perspectivas de la eficiencia de su f\u00e1brica, validar que tiene los datos m\u00e1s precisos y mejorar sus resultados.<\/p>\n<p><strong>\u00a1Estos reportes son como tener un consultor interno!<\/strong> \u00bfQu\u00e9 tan eficiente es el desempe\u00f1o de su f\u00e1brica? Es algunas de las preguntas estos reportes pueden responder.<\/p>\n<p>El <strong>Dr. Harold Birkett<\/strong> desarroll\u00f3 este software que ha sido utilizado miles de veces en cientos de f\u00e1bricas a nivel mundial. El Dr. Birkett revisa personalmente cada reporte para garantizar resultados de alta calidad.[\/vc_column_text][vc_empty_space height=\u00bb40px\u00bb][\/vc_column][vc_column width=\u00bb1\/2&#8243;][vc_single_image image=\u00bb2276&#8243; img_size=\u00bb1280&#215;600&#8243;][\/vc_column][\/vc_row][vc_row][vc_column width=\u00bb1\/4&#8243;][vc_custom_heading text=\u00bbServicio de Software\u00bb font_container=\u00bbtag:h3|text_align:left\u00bb use_theme_fonts=\u00bbyes\u00bb][vc_empty_space height=\u00bb20px\u00bb][\/vc_column][vc_column width=\u00bb3\/4&#8243;][vc_row_inner][vc_column_inner][vc_column_text]<\/p>\n<h3>Reporte de Balance de M&amp;E<\/h3>\n<ul>\n<li>Obtenga balances de M&amp;E para su operaci\u00f3n actual, planeada o expansi\u00f3n de toda su f\u00e1brica.<\/li>\n<li>Detecte \u00e1reas con deficiencias o redundancias.<\/li>\n<li>Mejore el consumo de vapor de su f\u00e1brica.<\/li>\n<li>Obtenga la eficiencia de sus calderas*, vapor disponible a partir de bagazo.<\/li>\n<li>Analice la capacidad de su f\u00e1brica para una futura expansi\u00f3n.<\/li>\n<li>Nuestro software tiene incorporado veinte esquemas de cocimiento diferentes.<\/li>\n<li>Economice costos en la compra de equipos con el tama\u00f1o adecuado.<\/li>\n<\/ul>\n<p>[\/vc_column_text][vc_empty_space height=\u00bb40px\u00bb][\/vc_column_inner][\/vc_row_inner][vc_row_inner][vc_column_inner][vc_column_text]<\/p>\n<h3>Reporte de Eficiencia de F\u00e1brica<\/h3>\n<ul>\n<li>Recalculamos el reporte de su f\u00e1brica con el objetivo de detectar posibles errores.<\/li>\n<li>Corremos c\u00e1lculos para verificar si los datos suministrados son te\u00f3ricamente posibles.<\/li>\n<li>Corremos c\u00e1lculos adicionales para proveer datos \u00fatiles de f\u00e1brica que permiten realizar mejoras operativas.<\/li>\n<li>Describimos que tan bien est\u00e1 funcionando cada etapa de la f\u00e1brica y recomendamos posibles mejoras.<\/li>\n<\/ul>\n<p>[\/vc_column_text][vc_empty_space height=\u00bb40px\u00bb][\/vc_column_inner][\/vc_row_inner][\/vc_column][\/vc_row][vc_row][vc_column][vc_empty_space height=\u00bb50px\u00bb][vc_separator color=\u00bbcustom\u00bb accent_color=\u00bbrgba(2,6,32,0.1)\u00bb][vc_empty_space height=\u00bb50px\u00bb][\/vc_column][\/vc_row][vc_row][vc_column width=\u00bb1\/4&#8243;][vc_custom_heading text=\u00bbSobre el Profesor Harold Birkett, Ph.D\u00bb font_container=\u00bbtag:h3|text_align:left\u00bb use_theme_fonts=\u00bbyes\u00bb][vc_empty_space height=\u00bb20px\u00bb][\/vc_column][vc_column width=\u00bb3\/4&#8243;][vc_row_inner][vc_column_inner][vc_column_text]Cuenta con m\u00e1s de 60 a\u00f1os de experiencia en az\u00facar, etanol y subproductos de az\u00facar. Tiene un B.S., M.S. y Ph.D. en Ingenier\u00eda Qu\u00edmica. El Dr. Birkett es Profesor Asociado en Ingenier\u00eda Azucarera en el Audubon Sugar Institute de Louisiana State University. Tambi\u00e9n fue gerente de procesos en Ingenios Azucareros y plantas de Etanol en Guyana y los Estados Unidos. Trabaj\u00f3 en Schaffer &amp; Associates durante m\u00e1s de 40 a\u00f1os en diferentes proyectos por todo el mundo. Es miembro y ex presidente de la Sociedad Americana de Tecn\u00f3logos de la Ca\u00f1a de Az\u00facar y autor de m\u00e1s de 50 publicaciones.[\/vc_column_text][\/vc_column_inner][\/vc_row_inner][\/vc_column][\/vc_row][vc_row][vc_column][vc_empty_space height=\u00bb50px\u00bb][vc_separator color=\u00bbcustom\u00bb accent_color=\u00bbrgba(2,6,32,0.1)\u00bb][vc_empty_space height=\u00bb50px\u00bb][\/vc_column][\/vc_row]<\/p>\n<\/div>","protected":false},"excerpt":{"rendered":"<p>[vc_row][vc_column width=\u00bb1\/2&#8243;][vc_column_text]Podemos calcular el Balance de Materia y Energ\u00eda (M&amp;E) de su f\u00e1brica con m\u00faltiples escenarios de operaci\u00f3n, incluyendo expansi\u00f3n y dise\u00f1o. Podemos realizar un chequeo cruzado de su reporte de f\u00e1brica y proveer mejores perspectivas de la eficiencia de su f\u00e1brica, validar que tiene los datos m\u00e1s precisos y mejorar sus resultados. \u00a1Estos reportes [&hellip;]<\/p>\n","protected":false},"author":1,"featured_media":0,"parent":0,"menu_order":0,"comment_status":"closed","ping_status":"closed","template":"","meta":{"_joinchat":[],"footnotes":""},"class_list":["post-2738","page","type-page","status-publish","hentry"],"_links":{"self":[{"href":"https:\/\/schaffersugar.com\/es\/wp-json\/wp\/v2\/pages\/2738","targetHints":{"allow":["GET"]}}],"collection":[{"href":"https:\/\/schaffersugar.com\/es\/wp-json\/wp\/v2\/pages"}],"about":[{"href":"https:\/\/schaffersugar.com\/es\/wp-json\/wp\/v2\/types\/page"}],"author":[{"embeddable":true,"href":"https:\/\/schaffersugar.com\/es\/wp-json\/wp\/v2\/users\/1"}],"replies":[{"embeddable":true,"href":"https:\/\/schaffersugar.com\/es\/wp-json\/wp\/v2\/comments?post=2738"}],"version-history":[{"count":4,"href":"https:\/\/schaffersugar.com\/es\/wp-json\/wp\/v2\/pages\/2738\/revisions"}],"predecessor-version":[{"id":3246,"href":"https:\/\/schaffersugar.com\/es\/wp-json\/wp\/v2\/pages\/2738\/revisions\/3246"}],"wp:attachment":[{"href":"https:\/\/schaffersugar.com\/es\/wp-json\/wp\/v2\/media?parent=2738"}],"curies":[{"name":"wp","href":"https:\/\/api.w.org\/{rel}","templated":true}]}}