{"id":2742,"date":"2019-11-12T17:47:09","date_gmt":"2019-11-12T17:47:09","guid":{"rendered":"https:\/\/schaffersugar.com\/gestion-de-proyectos\/"},"modified":"2019-11-12T17:48:55","modified_gmt":"2019-11-12T17:48:55","slug":"gestion-de-proyectos","status":"publish","type":"page","link":"https:\/\/schaffersugar.com\/es\/gestion-de-proyectos\/","title":{"rendered":"Gesti\u00f3n de Proyectos"},"content":{"rendered":"<div class=\"wpb-content-wrapper\"><p>[vc_row][vc_column width=\u00bb1\/2&#8243;][vc_column_text]Nuestro equipo de ingenieros puede gestionar su proyecto en relaci\u00f3n con la modificaci\u00f3n, expansi\u00f3n, modernizaci\u00f3n y montaje de instalaciones nuevas y existentes. Independientemente de cu\u00e1n grande o peque\u00f1o sea su proyecto, \u00a1podemos ayudarlo!<\/p>\n<p>Los servicios de gesti\u00f3n de proyectos de Schaffer Sugar son un elemento crucial para una implementaci\u00f3n rentable y puntual. Manejamos proyectos EPC, gestionamos relaciones con fabricantes locales y desarrollamos la programaci\u00f3n de proyectos a tiempo para garantizar el \u00e9xito de su proyecto.<\/p>\n<p>Nuestro objetivo es gestionar proyectos con seguridad como nuestra principal prioridad en el sitio de construcci\u00f3n durante las fases de planificaci\u00f3n y construcci\u00f3n. Adem\u00e1s, siempre buscamos entregar proyectos a tiempo y dentro del presupuesto asignado, asegurando una alta calidad en cada paso.[\/vc_column_text][\/vc_column][vc_column width=\u00bb1\/2&#8243;][vc_single_image image=\u00bb2286&#8243; img_size=\u00bb1280&#215;600&#8243;][\/vc_column][\/vc_row][vc_row][vc_column][vc_empty_space height=\u00bb50px\u00bb][\/vc_column][\/vc_row][vc_row][vc_column width=\u00bb1\/4&#8243;][vc_custom_heading text=\u00bbNuestros servicios de gesti\u00f3n de proyectos incluyen:\u00bb font_container=\u00bbtag:h3|text_align:right\u00bb use_theme_fonts=\u00bbyes\u00bb][vc_empty_space height=\u00bb20px\u00bb][\/vc_column][vc_column width=\u00bb3\/4&#8243;][vc_row_inner][vc_column_inner][vc_column_text]<\/p>\n<ul>\n<li>EPC para proyectos de peque\u00f1a y gran escala<\/li>\n<li>Gesti\u00f3n de Procura<\/li>\n<li>Planificaci\u00f3n de proyectos y gesti\u00f3n de horarios.<\/li>\n<li>Supervisi\u00f3n de construcci\u00f3n y montaje.<\/li>\n<li>Manejo de sitio<\/li>\n<\/ul>\n<p>[\/vc_column_text][vc_empty_space height=\u00bb40px\u00bb][\/vc_column_inner][\/vc_row_inner][\/vc_column][\/vc_row][vc_row][vc_column][vc_empty_space height=\u00bb50px\u00bb][vc_separator color=\u00bbcustom\u00bb accent_color=\u00bbrgba(2,6,32,0.1)\u00bb][vc_empty_space height=\u00bb50px\u00bb][\/vc_column][\/vc_row]<\/p>\n<\/div>","protected":false},"excerpt":{"rendered":"<p>[vc_row][vc_column width=\u00bb1\/2&#8243;][vc_column_text]Nuestro equipo de ingenieros puede gestionar su proyecto en relaci\u00f3n con la modificaci\u00f3n, expansi\u00f3n, modernizaci\u00f3n y montaje de instalaciones nuevas y existentes. Independientemente de cu\u00e1n grande o peque\u00f1o sea su proyecto, \u00a1podemos ayudarlo! Los servicios de gesti\u00f3n de proyectos de Schaffer Sugar son un elemento crucial para una implementaci\u00f3n rentable y puntual. Manejamos proyectos [&hellip;]<\/p>\n","protected":false},"author":1,"featured_media":0,"parent":0,"menu_order":0,"comment_status":"closed","ping_status":"closed","template":"","meta":{"_joinchat":[],"footnotes":""},"class_list":["post-2742","page","type-page","status-publish","hentry"],"_links":{"self":[{"href":"https:\/\/schaffersugar.com\/es\/wp-json\/wp\/v2\/pages\/2742","targetHints":{"allow":["GET"]}}],"collection":[{"href":"https:\/\/schaffersugar.com\/es\/wp-json\/wp\/v2\/pages"}],"about":[{"href":"https:\/\/schaffersugar.com\/es\/wp-json\/wp\/v2\/types\/page"}],"author":[{"embeddable":true,"href":"https:\/\/schaffersugar.com\/es\/wp-json\/wp\/v2\/users\/1"}],"replies":[{"embeddable":true,"href":"https:\/\/schaffersugar.com\/es\/wp-json\/wp\/v2\/comments?post=2742"}],"version-history":[{"count":3,"href":"https:\/\/schaffersugar.com\/es\/wp-json\/wp\/v2\/pages\/2742\/revisions"}],"predecessor-version":[{"id":2745,"href":"https:\/\/schaffersugar.com\/es\/wp-json\/wp\/v2\/pages\/2742\/revisions\/2745"}],"wp:attachment":[{"href":"https:\/\/schaffersugar.com\/es\/wp-json\/wp\/v2\/media?parent=2742"}],"curies":[{"name":"wp","href":"https:\/\/api.w.org\/{rel}","templated":true}]}}