{"id":2795,"date":"2019-11-12T20:48:26","date_gmt":"2019-11-12T20:48:26","guid":{"rendered":"https:\/\/schaffersugar.com\/llt-clarifiers\/"},"modified":"2023-05-17T22:20:41","modified_gmt":"2023-05-17T22:20:41","slug":"clarificadores-llt","status":"publish","type":"page","link":"https:\/\/schaffersugar.com\/es\/clarificadores-llt\/","title":{"rendered":"Clarificadores LLT"},"content":{"rendered":"<div class=\"wpb-content-wrapper\"><p>[vc_row][vc_column width=\u00bb1\/2&#8243;][vc_column_text]<\/p>\n<h3>EL CLARIFICADOR CROMPION LLT<\/h3>\n<p>El clarificador Crompion LLT es un gran hito para la clarificaci\u00f3n del jugo de ca\u00f1a de az\u00facar. La caracter\u00edstica principal de nuestro clarificador es que utiliza dispositivos de reducci\u00f3n de turbulencia que eliminan los v\u00f3rtices turbulentos en el flujo, mejorando la operaci\u00f3n de clarificaci\u00f3n. Adem\u00e1s, el clarificador tiene un tanque de flash integrado, Flash Trough\u00ae, como lo llamamos, alrededor del cuerpo del equipo, que proporciona m\u00e1s \u00e1rea de desgasificaci\u00f3n en comparaci\u00f3n con un tanque de flash externo de capacidad equivalente, al tiempo que reduce la posibilidad de que entre aire de nuevo al jugo. Estas tecnolog\u00edas unidas permiten tiempos de retenci\u00f3n m\u00e1s cortos, reducen las p\u00e9rdidas de sacarosa y proporcionan un jugo de mayor calidad en comparaci\u00f3n con otros clarificadores disponibles en la industria.<\/p>\n<p>Para reducir los costos de mantenimiento y prolongar la vida \u00fatil del clarificador, recomendamos fabricar el equipo con acero inoxidable especial Cromgard de <a href=\"http:\/\/crompion.com\/\" target=\"_blank\" rel=\"noopener noreferrer\">Crompion<\/a>.[\/vc_column_text][vc_empty_space height=\u00bb40px\u00bb][\/vc_column][vc_column width=\u00bb1\/2&#8243;][vc_single_image image=\u00bb2249&#8243; img_size=\u00bb1280&#215;600&#8243;][\/vc_column][\/vc_row][vc_row][vc_column][vc_column_text]<\/p>\n<h3>Beneficios del Clarificador Crompion LLT<\/h3>\n<ul>\n<li>Mejore la calidad del jugo claro de su f\u00e1brica. Logre una turbiedad menor del jugo clarificado (hasta un 30% menos) en comparaci\u00f3n con cualquier otro clarificador.<\/li>\n<li>El bajo tiempo de retenci\u00f3n del clarificador Crompion LLT disminuye las p\u00e9rdidas de az\u00facar y el desarrollo de color en el jugo. Por lo tanto, mejorando sus rendimientos. Disminuya las p\u00e9rdidas de sacarosa de su f\u00e1brica al reducir la ca\u00edda de pureza entre el jugo de filtrado y clarificado (hasta 2.8 unidades).<\/li>\n<li>Aumente el rendimiento de la f\u00e1brica (hasta 14.2 lb\/T.C.).<\/li>\n<li>Reduzca las p\u00e9rdidas indeterminadas de su f\u00e1brica (hasta 6.4 lb\/T.C.).<\/li>\n<li>El clarificador usa menos acero en comparaci\u00f3n con un SRI-SRT (30% menos) o un DORR o GRAVER (60% menos), lo que reduce significativamente el costo CAPEX de implementar la tecnolog\u00eda.<\/li>\n<li>Aumente la capacidad de su f\u00e1brica. El clarificador Crompion LLT puede manejar cualquier molienda con los beneficios de la reducci\u00f3n de turbulencia.<\/li>\n<li>El clarificador Crompion LLT tiene un dise\u00f1o simple. Por lo tanto, el mantenimiento del clarificador LLT es mucho m\u00e1s f\u00e1cil en comparaci\u00f3n con otras tecnolog\u00edas.<\/li>\n<li>\u00bfAlta carga de lodo? \u00a1No hay problema! El clarificador Crompion LLT puede manejar altas cargas de lodo. Adem\u00e1s, proporciona lodo con gran consistencia y porosidad para mejorar el funcionamiento de los filtros. Disminuya la p\u00e9rdida de sacarosa en los filtros (hasta 1% de reducci\u00f3n de sacarosa en la torta del filtro).<\/li>\n<\/ul>\n<h3>\u00bfQu\u00e9 significa esto para su balance final?<\/h3>\n<p>Para una zafra de 1 mill\u00f3n de toneladas y un precio estimado de az\u00facar de 26 centavos por libra tenemos lo siguiente:[\/vc_column_text][vc_empty_space height=\u00bb40px\u00bb][vc_row_inner][vc_column_inner width=\u00bb1\/4&#8243;]\n<!-- BEGIN .imagebox -->\n<div class=\"imagebox  \">\n\t\n\t\t<div class=\"box-header\">\n\t\t\t<h3 class=\"box-title\">\n\t\t\t\t<a href=\"\" target=\"_self\">\n\t\t\t\t\tMENOR CA\u00cdDA DE PUREZA\t\t\t\t<\/a>\n\t\t\t<\/h3>\n\n\t\t\t\t\t\t\t<span class=\"box-subtitle\">\n\t\t\t\t\tCantidad Reducida con el Clarificador LLT: 2.8 Unidades\t\t\t\t<\/span>\n\t\t\t\t\t<\/div>\n\n\t\t<div class=\"box-content\"><\/p>\n<p style=\"text-align: center\"><strong>Ahorro: $228,302.00<\/strong><\/p>\n<p>\n<\/div>\n\n\t\t<div class=\"box-image\">\n\t\t\t<a href=\"\" target=\"_self\">\n\t\t\t\t\n\t\t\t\t<img decoding=\"async\" class=\"\" src=\"https:\/\/schaffersugar.com\/wp-content\/uploads\/2019\/10\/lowerPurity-01-60x60.png\" width=\"60\" height=\"60\" alt=\"lowerPurity-01\" title=\"lowerPurity-01\" loading=\"lazy\" \/>\t\t\t<\/a>\n\t\t<\/div>\n\t<\/div>\n<!-- End .imagebox -->\n[\/vc_column_inner][vc_column_inner width=\u00bb1\/4&#8243;]\n<!-- BEGIN .imagebox -->\n<div class=\"imagebox  \">\n\t\n\t\t<div class=\"box-header\">\n\t\t\t<h3 class=\"box-title\">\n\t\t\t\t<a href=\"\" target=\"_self\">\n\t\t\t\t\tP\u00c9RDIDAS INDETERMINADAS\t\t\t\t<\/a>\n\t\t\t<\/h3>\n\n\t\t\t\t\t\t\t<span class=\"box-subtitle\">\n\t\t\t\t\tCantidad Reducida con el Clarificador LLT: 6.4 lb\/TC\t\t\t\t<\/span>\n\t\t\t\t\t<\/div>\n\n\t\t<div class=\"box-content\"><\/p>\n<p style=\"text-align: center\"><strong>Ahorro: $1,664,000.00<\/strong><\/p>\n<p>\n<\/div>\n\n\t\t<div class=\"box-image\">\n\t\t\t<a href=\"\" target=\"_self\">\n\t\t\t\t\n\t\t\t\t<img decoding=\"async\" class=\"\" src=\"https:\/\/schaffersugar.com\/wp-content\/uploads\/2019\/10\/undertermined-01-60x60.png\" width=\"60\" height=\"60\" alt=\"undertermined-01\" title=\"undertermined-01\" loading=\"lazy\" \/>\t\t\t<\/a>\n\t\t<\/div>\n\t<\/div>\n<!-- End .imagebox -->\n[\/vc_column_inner][vc_column_inner width=\u00bb1\/4&#8243;]\n<!-- BEGIN .imagebox -->\n<div class=\"imagebox  \">\n\t\n\t\t<div class=\"box-header\">\n\t\t\t<h3 class=\"box-title\">\n\t\t\t\t<a href=\"\" target=\"_self\">\n\t\t\t\t\tMENOR POL\t\t\t\t<\/a>\n\t\t\t<\/h3>\n\n\t\t\t\t\t\t\t<span class=\"box-subtitle\">\n\t\t\t\t\tCantidad Reducida con el Clarificador LLT: 1% en la Torta de Filtro\t\t\t\t<\/span>\n\t\t\t\t\t<\/div>\n\n\t\t<div class=\"box-content\"><\/p>\n<p style=\"text-align: center\"><strong>Ahorro: $259,740.00<\/strong><\/p>\n<p>\n<\/div>\n\n\t\t<div class=\"box-image\">\n\t\t\t<a href=\"\" target=\"_self\">\n\t\t\t\t\n\t\t\t\t<img decoding=\"async\" class=\"\" src=\"https:\/\/schaffersugar.com\/wp-content\/uploads\/2019\/10\/lowerpol-01-60x60.png\" width=\"60\" height=\"60\" alt=\"lowerpol-01\" title=\"lowerpol-01\" loading=\"lazy\" \/>\t\t\t<\/a>\n\t\t<\/div>\n\t<\/div>\n<!-- End .imagebox -->\n[\/vc_column_inner][vc_column_inner width=\u00bb1\/4&#8243;]\n<!-- BEGIN .imagebox -->\n<div class=\"imagebox  \">\n\t\n\t\t<div class=\"box-header\">\n\t\t\t<h3 class=\"box-title\">\n\t\t\t\t<a href=\"\" target=\"_self\">\n\t\t\t\t\tAUMENTO DE RENDIMIENTO\t\t\t\t<\/a>\n\t\t\t<\/h3>\n\n\t\t\t\t\t\t\t<span class=\"box-subtitle\">\n\t\t\t\t\tCantidad Reducida con el Clarificador LLT: 14.2 lb\/TC\t\t\t\t<\/span>\n\t\t\t\t\t<\/div>\n\n\t\t<div class=\"box-content\"><\/p>\n<p style=\"text-align: center\"><strong>Ahorro: $3,692,000.00<\/strong><\/p>\n<p>\n<\/div>\n\n\t\t<div class=\"box-image\">\n\t\t\t<a href=\"\" target=\"_self\">\n\t\t\t\t\n\t\t\t\t<img decoding=\"async\" class=\"\" src=\"https:\/\/schaffersugar.com\/wp-content\/uploads\/2019\/10\/yield-01-60x60.png\" width=\"60\" height=\"60\" alt=\"yield-01\" title=\"yield-01\" loading=\"lazy\" \/>\t\t\t<\/a>\n\t\t<\/div>\n\t<\/div>\n<!-- End .imagebox -->\n[\/vc_column_inner][\/vc_row_inner][vc_row_inner][vc_column_inner width=\u00bb2\/3&#8243;][vc_empty_space height=\u00bb40px\u00bb][vc_column_text]<\/p>\n<h3>Dise\u00f1o del clarificador LLT<\/h3>\n<ol>\n<li>Al final de cada distribuidor de jugo, el Clarificador LLT tiene un dispositivo patentado de reducci\u00f3n de turbulencia (TRD) que cancela los v\u00f3rtices turbulentos. En otras palabras, \u00a1el Clarificador LLT no tiene los problemas asociados con la alta turbulencia como los otros clarificadores!<\/li>\n<li>Una red de tuber\u00edas de alimentaci\u00f3n de jugo introduce jugo a trav\u00e9s de una serie de v\u00edas hidr\u00e1ulicamente uniformes sobre toda la secci\u00f3n transversal del clarificador.<\/li>\n<li>Los canales de alimentaci\u00f3n est\u00e1n dise\u00f1ados para mantener el flujo relativamente alto para reducir el potencial de taponamiento e incrustaciones.<\/li>\n<li>Las canales de salida est\u00e1n ubicadas en parte superior del clarificador recibir el jugo clarificado.<\/li>\n<\/ol>\n<h3>El Flash Trough\u00ae<\/h3>\n<ol>\n<li>El clarificador Crompion LLT tiene la alternativa de integrar un Flash Trough\u00ae que elimina la necesidad de un tanque flash externo.<\/li>\n<li>Este dise\u00f1o patentado proporciona un \u00e1rea de desgasificaci\u00f3n adicional en comparaci\u00f3n con un tanque flash de capacidad equivalente.<\/li>\n<li>El Flash Trough\u00ae, ampl\u00eda los espacios de la f\u00e1brica al eliminar la necesidad de estructuras de soporte y cimientos. Tambi\u00e9n, requiere menos acero en comparaci\u00f3n con un tanque flash convencional.<\/li>\n<li>Finalmente, el Flash Trough\u00ae elimina los problemas asociados con el mal posicionamiento del tanque de flash que conducen a problemas de desgasificaci\u00f3n y clarificaci\u00f3n deficiente.<\/li>\n<\/ol>\n<p>[\/vc_column_text][\/vc_column_inner][vc_column_inner width=\u00bb1\/3&#8243;][vc_empty_space height=\u00bb40px\u00bb][vc_images_carousel images=\u00bb2256,2258&#8243; img_size=\u00bb450&#215;600&#8243; autoplay=\u00bbyes\u00bb wrap=\u00bbyes\u00bb][\/vc_column_inner][\/vc_row_inner][\/vc_column][\/vc_row][vc_row][vc_column][vc_separator color=\u00bbcustom\u00bb accent_color=\u00bbrgba(2,6,32,0.1)\u00bb][vc_empty_space height=\u00bb50px\u00bb][\/vc_column][\/vc_row][vc_row][vc_column width=\u00bb1\/4&#8243;][vc_custom_heading text=\u00bbAplicaciones\u00bb font_container=\u00bbtag:h3|text_align:left\u00bb use_theme_fonts=\u00bbyes\u00bb][vc_empty_space height=\u00bb20px\u00bb][\/vc_column][vc_column width=\u00bb3\/4&#8243;][vc_row_inner][vc_column_inner][vc_column_text]Hemos implementado con \u00e9xito el Clarificador Crompion LLT para las siguientes aplicaciones:<\/p>\n<ul>\n<li>Clarificaci\u00f3n de jugo mezclado: podemos dise\u00f1ar un clarificador completamente nuevo para su f\u00e1brica o repotenciar el existente para clarificar el jugo mezclado.<\/li>\n<li>Clarificaci\u00f3n del jugo filtrado: podemos dise\u00f1ar un clarificador de tiempo de retenci\u00f3n muy corto, cercano a 10 minutos, para clarificar el jugo filtrado y dirigir este flujo hacia los evaporadores, \u00a1eliminando la recirculaci\u00f3n del filtrado!<\/li>\n<li>Producci\u00f3n de az\u00facar org\u00e1nica: \u00a1clarificar el jugo para la producci\u00f3n de az\u00facar org\u00e1nica puede ser todo un desaf\u00edo! Nuestra tecnolog\u00eda patentada de reducci\u00f3n de turbulencia puede minimizar las ineficiencias de los floculantes org\u00e1nicos que conducen a velocidades de sedimentaci\u00f3n muy bajas. Con menos recirculaciones internas, la eficiencia de nuestro clarificador no se ver\u00e1 tan afectada en comparaci\u00f3n con otras tecnolog\u00edas disponibles, \u00a1adem\u00e1s, se beneficiar\u00e1 de obtener siempre una menor turbidez del jugo!<\/li>\n<\/ul>\n<p>[\/vc_column_text][vc_empty_space height=\u00bb40px\u00bb][\/vc_column_inner][\/vc_row_inner][vc_row_inner][vc_column_inner][vc_video link=\u00bbhttps:\/\/youtu.be\/_h-Ja9Tn2cI\u00bb][\/vc_column_inner][\/vc_row_inner][\/vc_column][\/vc_row][vc_row][vc_column][vc_empty_space height=\u00bb50px\u00bb][vc_separator color=\u00bbcustom\u00bb accent_color=\u00bbrgba(2,6,32,0.1)\u00bb][vc_empty_space height=\u00bb50px\u00bb][\/vc_column][\/vc_row][vc_row][vc_column width=\u00bb1\/4&#8243;][vc_custom_heading text=\u00bbIngenios Azucareros con el Clarificador LLT\u00bb font_container=\u00bbtag:h3|text_align:left\u00bb use_theme_fonts=\u00bbyes\u00bb][vc_empty_space height=\u00bb20px\u00bb][\/vc_column][vc_column width=\u00bb3\/4&#8243;][vc_row_inner][vc_column_inner][vc_column_text]<\/p>\n<ul>\n<li>Ingenio Tulul\u00e1, Guatemala, Centroam\u00e9rica<\/li>\n<li>Ingenio La Caba\u00f1a, El Salvador, Centroam\u00e9rica<\/li>\n<li>Sterling Sugars, Louisiana, Norte Am\u00e9rica<\/li>\n<li>Westfield Sugar Factory, Louisiana, Norte Am\u00e9rica<\/li>\n<li>Lula Sugar Factory, Louisiana, Norte Am\u00e9rica<\/li>\n<li>Andhra Sugar, India, Asia<\/li>\n<\/ul>\n<p>[\/vc_column_text][vc_empty_space height=\u00bb50px\u00bb][vc_video link=\u00bbhttps:\/\/youtu.be\/QtcgzLSsgXE\u00bb][vc_empty_space height=\u00bb50px\u00bb][vc_column_text]El clarificador Crompion LLT ofrece un tiempo de retenci\u00f3n corto, la mejor calidad de jugo, menor p\u00e9rdida de sacarosa, menores costos de CAPEX y OPEX, un dise\u00f1o simple con m\u00e1ximo rendimiento, f\u00e1cil mantenimiento y limpieza. \u00a1Esto si es verdaderamente dulce![\/vc_column_text][vc_empty_space height=\u00bb50px\u00bb][\/vc_column_inner][\/vc_row_inner][\/vc_column][\/vc_row][vc_row][vc_column][vc_separator color=\u00bbcustom\u00bb accent_color=\u00bbrgba(2,6,32,0.1)\u00bb][vc_empty_space height=\u00bb50px\u00bb][\/vc_column][\/vc_row][vc_row][vc_column width=\u00bb1\/4&#8243;][vc_custom_heading text=\u00bb\u00bb font_container=\u00bbtag:h3|text_align:left\u00bb use_theme_fonts=\u00bbyes\u00bb][vc_empty_space height=\u00bb20px\u00bb][\/vc_column][vc_column width=\u00bb3\/4&#8243;][vc_btn title=\u00bbDescargue el art\u00edculo del Clarificador LLT (Ingl\u00e9s)\u00bb color=\u00bbgreen\u00bb i_icon_fontawesome=\u00bbfa fa-download\u00bb add_icon=\u00bbtrue\u00bb link=\u00bburl:https%3A%2F%2Fschaffersugar.com%2Fwp-content%2Fuploads%2F2019%2F11%2F201911_LLT_Clarifier_Whitepaper_Rev_0.pdf||target:%20_blank|\u00bb][\/vc_column][\/vc_row][vc_row][vc_column width=\u00bb1\/4&#8243;][vc_custom_heading text=\u00bbPara Mayor Informaci\u00f3n\u00bb font_container=\u00bbtag:h3|text_align:left\u00bb use_theme_fonts=\u00bbyes\u00bb][vc_empty_space height=\u00bb20px\u00bb][\/vc_column][vc_column width=\u00bb3\/4&#8243;][vc_btn title=\u00bbDescargue el folleto del producto\u00bb color=\u00bbgreen\u00bb i_icon_fontawesome=\u00bbfa fa-download\u00bb add_icon=\u00bbtrue\u00bb link=\u00bburl:https%3A%2F%2Fschaffersugar.com%2Fwp-content%2Fuploads%2F2019%2F11%2F20190307_SSS_Clarifier_Flyer_Spanish_Email_Vertical_Rev0.pdf||target:%20_blank|\u00bb][\/vc_column][\/vc_row][vc_row][vc_column width=\u00bb1\/4&#8243;][vc_custom_heading text=\u00bbPara Mayor Informaci\u00f3n\u00bb font_container=\u00bbtag:h3|text_align:left\u00bb use_theme_fonts=\u00bbyes\u00bb][vc_empty_space height=\u00bb20px\u00bb][\/vc_column][vc_column width=\u00bb3\/4&#8243;][vc_btn title=\u00bbDescargue nuestra presentaci\u00f3n en ISSCT\u00bb color=\u00bbgreen\u00bb i_icon_fontawesome=\u00bbfa fa-download\u00bb add_icon=\u00bbtrue\u00bb link=\u00bburl:https%3A%2F%2Fschaffersugar.com%2Fwp-content%2Fuploads%2F2023%2F05%2F20180918_ISSCT_Factory_Workshop_LLT_Factory_Performance.pdf||target:%20_blank|\u00bb][\/vc_column][\/vc_row][vc_row][vc_column][vc_separator color=\u00bbcustom\u00bb accent_color=\u00bbrgba(2,6,32,0.1)\u00bb][vc_empty_space height=\u00bb50px\u00bb][\/vc_column][\/vc_row]<\/p>\n<\/div>","protected":false},"excerpt":{"rendered":"<p>[vc_row][vc_column width=\u00bb1\/2&#8243;][vc_column_text] EL CLARIFICADOR CROMPION LLT El clarificador Crompion LLT es un gran hito para la clarificaci\u00f3n del jugo de ca\u00f1a de az\u00facar. La caracter\u00edstica principal de nuestro clarificador es que utiliza dispositivos de reducci\u00f3n de turbulencia que eliminan los v\u00f3rtices turbulentos en el flujo, mejorando la operaci\u00f3n de clarificaci\u00f3n. Adem\u00e1s, el clarificador tiene un [&hellip;]<\/p>\n","protected":false},"author":1,"featured_media":0,"parent":0,"menu_order":0,"comment_status":"closed","ping_status":"closed","template":"","meta":{"_joinchat":[],"footnotes":""},"class_list":["post-2795","page","type-page","status-publish","hentry"],"_links":{"self":[{"href":"https:\/\/schaffersugar.com\/es\/wp-json\/wp\/v2\/pages\/2795","targetHints":{"allow":["GET"]}}],"collection":[{"href":"https:\/\/schaffersugar.com\/es\/wp-json\/wp\/v2\/pages"}],"about":[{"href":"https:\/\/schaffersugar.com\/es\/wp-json\/wp\/v2\/types\/page"}],"author":[{"embeddable":true,"href":"https:\/\/schaffersugar.com\/es\/wp-json\/wp\/v2\/users\/1"}],"replies":[{"embeddable":true,"href":"https:\/\/schaffersugar.com\/es\/wp-json\/wp\/v2\/comments?post=2795"}],"version-history":[{"count":11,"href":"https:\/\/schaffersugar.com\/es\/wp-json\/wp\/v2\/pages\/2795\/revisions"}],"predecessor-version":[{"id":3064,"href":"https:\/\/schaffersugar.com\/es\/wp-json\/wp\/v2\/pages\/2795\/revisions\/3064"}],"wp:attachment":[{"href":"https:\/\/schaffersugar.com\/es\/wp-json\/wp\/v2\/media?parent=2795"}],"curies":[{"name":"wp","href":"https:\/\/api.w.org\/{rel}","templated":true}]}}